{"id":9502,"date":"2026-01-29T14:25:14","date_gmt":"2026-01-29T14:25:14","guid":{"rendered":"https:\/\/biocosdz.com\/?post_type=product&#038;p=9502"},"modified":"2026-01-29T14:25:15","modified_gmt":"2026-01-29T14:25:15","slug":"essential-oil-lavande","status":"publish","type":"product","link":"https:\/\/biocosdz.com\/?product=essential-oil-lavande","title":{"rendered":"Essential Oil Lavande"},"content":{"rendered":"","protected":false},"excerpt":{"rendered":"<div class=\"product__ref\">SKU- 601<\/div>\n<div class=\"product__description\">Apaise stress et favorise le sommeil.<\/p>\n<p>En diffusion le soir, en massage dilu\u00e9e pour d\u00e9tendre, ou pure sur petite br\u00fblure\/piq\u00fbre.<\/p><\/div>\n","protected":false},"featured_media":9503,"comment_status":"open","ping_status":"closed","template":"","meta":[],"product_cat":[63],"product_tag":[],"class_list":{"0":"post-9502","1":"product","2":"type-product","3":"status-publish","4":"has-post-thumbnail","6":"product_cat-home","7":"description-off","9":"first","10":"instock","11":"shipping-taxable","12":"purchasable","13":"product-type-simple"},"jetpack_sharing_enabled":true,"_links":{"self":[{"href":"https:\/\/biocosdz.com\/index.php?rest_route=\/wp\/v2\/product\/9502","targetHints":{"allow":["GET"]}}],"collection":[{"href":"https:\/\/biocosdz.com\/index.php?rest_route=\/wp\/v2\/product"}],"about":[{"href":"https:\/\/biocosdz.com\/index.php?rest_route=\/wp\/v2\/types\/product"}],"replies":[{"embeddable":true,"href":"https:\/\/biocosdz.com\/index.php?rest_route=%2Fwp%2Fv2%2Fcomments&post=9502"}],"version-history":[{"count":1,"href":"https:\/\/biocosdz.com\/index.php?rest_route=\/wp\/v2\/product\/9502\/revisions"}],"predecessor-version":[{"id":9504,"href":"https:\/\/biocosdz.com\/index.php?rest_route=\/wp\/v2\/product\/9502\/revisions\/9504"}],"wp:featuredmedia":[{"embeddable":true,"href":"https:\/\/biocosdz.com\/index.php?rest_route=\/wp\/v2\/media\/9503"}],"wp:attachment":[{"href":"https:\/\/biocosdz.com\/index.php?rest_route=%2Fwp%2Fv2%2Fmedia&parent=9502"}],"wp:term":[{"taxonomy":"product_cat","embeddable":true,"href":"https:\/\/biocosdz.com\/index.php?rest_route=%2Fwp%2Fv2%2Fproduct_cat&post=9502"},{"taxonomy":"product_tag","embeddable":true,"href":"https:\/\/biocosdz.com\/index.php?rest_route=%2Fwp%2Fv2%2Fproduct_tag&post=9502"}],"curies":[{"name":"wp","href":"https:\/\/api.w.org\/{rel}","templated":true}]}}