{"id":9441,"date":"2026-01-29T12:02:07","date_gmt":"2026-01-29T12:02:07","guid":{"rendered":"https:\/\/biocosdz.com\/?post_type=product&#038;p=9441"},"modified":"2026-01-29T12:02:07","modified_gmt":"2026-01-29T12:02:07","slug":"colon-relax","status":"publish","type":"product","link":"https:\/\/biocosdz.com\/?product=colon-relax","title":{"rendered":"Colon Relax"},"content":{"rendered":"","protected":false},"excerpt":{"rendered":"<div class=\"product__ref\">009<\/div>\n<div class=\"product__description\">COLON RELAX Enti\u00e8rement naturel Colon Relax contient de la Camomille, de la Sauge et de la M\u00e9lisse qui contribuent \u00e0 diminuer les ballonnements et les \ufb02atulences ainsi qu&rsquo;\u00e0 un meilleur confort digestif<\/p>\n<p>\u2022 Contribuent \u00e0 diminuer les ballonnements et les flatulences ainsi qu&rsquo;\u00e0 un meilleur confort digestif.<br \/>\n\u2022 Favorise le bon fonctionnement du colon.<br \/>\n\u2022 Lutte contre les ballonnements, gaz , sensations de lourdeurs.<br \/>\n\u2022 Faciliter la digestion et apaiser la sph\u00e8re digestive.<br \/>\n\u2022 L&rsquo;anis vert est utilis\u00e9 comme stimulant digestif.<\/p>\n<p>CONSEILS D\u2019UTILISATION:<br \/>\nLaisser infuser une dose (petite cuill\u00e8re de 3g) dans une tasse d&rsquo;eau chaude pendant 5 minutes. Consommer 2 tasses par jour, 30 minutes avant les repas. De pr\u00e9f\u00e9rence non sucr\u00e9es.<\/p><\/div>\n","protected":false},"featured_media":9442,"comment_status":"open","ping_status":"closed","template":"","meta":[],"product_cat":[46],"product_tag":[],"class_list":{"0":"post-9441","1":"product","2":"type-product","3":"status-publish","4":"has-post-thumbnail","6":"product_cat-complement-alimentaire","7":"description-off","9":"first","10":"instock","11":"shipping-taxable","12":"purchasable","13":"product-type-simple"},"jetpack_sharing_enabled":true,"_links":{"self":[{"href":"https:\/\/biocosdz.com\/index.php?rest_route=\/wp\/v2\/product\/9441","targetHints":{"allow":["GET"]}}],"collection":[{"href":"https:\/\/biocosdz.com\/index.php?rest_route=\/wp\/v2\/product"}],"about":[{"href":"https:\/\/biocosdz.com\/index.php?rest_route=\/wp\/v2\/types\/product"}],"replies":[{"embeddable":true,"href":"https:\/\/biocosdz.com\/index.php?rest_route=%2Fwp%2Fv2%2Fcomments&post=9441"}],"version-history":[{"count":1,"href":"https:\/\/biocosdz.com\/index.php?rest_route=\/wp\/v2\/product\/9441\/revisions"}],"predecessor-version":[{"id":9443,"href":"https:\/\/biocosdz.com\/index.php?rest_route=\/wp\/v2\/product\/9441\/revisions\/9443"}],"wp:featuredmedia":[{"embeddable":true,"href":"https:\/\/biocosdz.com\/index.php?rest_route=\/wp\/v2\/media\/9442"}],"wp:attachment":[{"href":"https:\/\/biocosdz.com\/index.php?rest_route=%2Fwp%2Fv2%2Fmedia&parent=9441"}],"wp:term":[{"taxonomy":"product_cat","embeddable":true,"href":"https:\/\/biocosdz.com\/index.php?rest_route=%2Fwp%2Fv2%2Fproduct_cat&post=9441"},{"taxonomy":"product_tag","embeddable":true,"href":"https:\/\/biocosdz.com\/index.php?rest_route=%2Fwp%2Fv2%2Fproduct_tag&post=9441"}],"curies":[{"name":"wp","href":"https:\/\/api.w.org\/{rel}","templated":true}]}}