{"id":9397,"date":"2025-11-02T14:41:24","date_gmt":"2025-11-02T14:41:24","guid":{"rendered":"https:\/\/biocosdz.com\/?post_type=product&#038;p=9397"},"modified":"2025-11-02T14:41:24","modified_gmt":"2025-11-02T14:41:24","slug":"sofa-cleaner","status":"publish","type":"product","link":"https:\/\/biocosdz.com\/?product=sofa-cleaner","title":{"rendered":"Sofa Cleaner"},"content":{"rendered":"","protected":false},"excerpt":{"rendered":"<div class=\"product__ref\">Sku-280<\/div>\n<div class=\"product__description\">Ultimate Home Sofa Cleaner \u2013 Spray Nettoyant 250ml<\/p>\n<p>Le Sofa Cleaner d&rsquo;Ultimate Home est un nettoyant puissant sp\u00e9cialement con\u00e7u pour redonner \u00e9clat et propret\u00e9 \u00e0 vos canap\u00e9s et fauteuils. Avec sa formule efficace, il \u00e9limine les taches, les salissures et les impuret\u00e9s tout en respectant les tissus les plus d\u00e9licats. Son format pratique de 250 ml permet une utilisation facile et rapide. Offrez \u00e0 votre mobilier un nettoyage en profondeur tout en pr\u00e9servant son aspect neuf et soign\u00e9.<\/p><\/div>\n","protected":false},"featured_media":9398,"comment_status":"open","ping_status":"closed","template":"","meta":[],"product_cat":[63],"product_tag":[],"class_list":{"0":"post-9397","1":"product","2":"type-product","3":"status-publish","4":"has-post-thumbnail","6":"product_cat-home","7":"description-off","9":"first","10":"instock","11":"sale","12":"shipping-taxable","13":"purchasable","14":"product-type-simple"},"jetpack_sharing_enabled":true,"_links":{"self":[{"href":"https:\/\/biocosdz.com\/index.php?rest_route=\/wp\/v2\/product\/9397","targetHints":{"allow":["GET"]}}],"collection":[{"href":"https:\/\/biocosdz.com\/index.php?rest_route=\/wp\/v2\/product"}],"about":[{"href":"https:\/\/biocosdz.com\/index.php?rest_route=\/wp\/v2\/types\/product"}],"replies":[{"embeddable":true,"href":"https:\/\/biocosdz.com\/index.php?rest_route=%2Fwp%2Fv2%2Fcomments&post=9397"}],"version-history":[{"count":1,"href":"https:\/\/biocosdz.com\/index.php?rest_route=\/wp\/v2\/product\/9397\/revisions"}],"predecessor-version":[{"id":9399,"href":"https:\/\/biocosdz.com\/index.php?rest_route=\/wp\/v2\/product\/9397\/revisions\/9399"}],"wp:featuredmedia":[{"embeddable":true,"href":"https:\/\/biocosdz.com\/index.php?rest_route=\/wp\/v2\/media\/9398"}],"wp:attachment":[{"href":"https:\/\/biocosdz.com\/index.php?rest_route=%2Fwp%2Fv2%2Fmedia&parent=9397"}],"wp:term":[{"taxonomy":"product_cat","embeddable":true,"href":"https:\/\/biocosdz.com\/index.php?rest_route=%2Fwp%2Fv2%2Fproduct_cat&post=9397"},{"taxonomy":"product_tag","embeddable":true,"href":"https:\/\/biocosdz.com\/index.php?rest_route=%2Fwp%2Fv2%2Fproduct_tag&post=9397"}],"curies":[{"name":"wp","href":"https:\/\/api.w.org\/{rel}","templated":true}]}}