{"id":9355,"date":"2025-07-29T16:25:49","date_gmt":"2025-07-29T16:25:49","guid":{"rendered":"https:\/\/biocosdz.com\/?post_type=product&#038;p=9355"},"modified":"2025-07-29T16:25:50","modified_gmt":"2025-07-29T16:25:50","slug":"pack-keto-pro","status":"publish","type":"product","link":"https:\/\/biocosdz.com\/?product=pack-keto-pro","title":{"rendered":"Pack Keto Pro"},"content":{"rendered":"","protected":false},"excerpt":{"rendered":"<div class=\"product__ref\">SKU-0037<\/div>\n<div class=\"product__description\">Keto 13 et Keto 7 plus gel amincissant &#8211; Votre alli\u00e9 minceur 100% naturel<\/p>\n<p>Votre alli\u00e9 minceur 100% naturel<\/p>\n<p>Un m\u00e9lange puissant d&rsquo;ingr\u00e9dients naturels soigneusement s\u00e9lectionn\u00e9s pour favoriser la perte de poids, stimuler le m\u00e9tabolisme et purifier l\u2019organisme.<\/p>\n<p>Ce complexe vous aide \u00e0 :<br \/>\n&#8211; Br\u00fbler les graisses plus efficacement<br \/>\n&#8211; R\u00e9duire les ballonnements et drainer les toxines<br \/>\n&#8211; Booster votre \u00e9nergie naturellement<br \/>\n&#8211; Renforcer vos d\u00e9fenses immunitaires<br \/>\n&#8211; Favoriser une meilleure digestion<\/p>\n<p>C\u2019est la synergie parfaite entre bien-\u00eatre, vitalit\u00e9 et minceur. Sans additifs, sans sucres ajout\u00e9s \u2013 uniquement la nature \u00e0 votre service.<\/p><\/div>\n","protected":false},"featured_media":9356,"comment_status":"open","ping_status":"closed","template":"","meta":[],"product_cat":[50],"product_tag":[],"class_list":{"0":"post-9355","1":"product","2":"type-product","3":"status-publish","4":"has-post-thumbnail","6":"product_cat-complement-alimentaire-pack","7":"description-off","9":"first","10":"instock","11":"shipping-taxable","12":"purchasable","13":"product-type-simple"},"jetpack_sharing_enabled":true,"_links":{"self":[{"href":"https:\/\/biocosdz.com\/index.php?rest_route=\/wp\/v2\/product\/9355","targetHints":{"allow":["GET"]}}],"collection":[{"href":"https:\/\/biocosdz.com\/index.php?rest_route=\/wp\/v2\/product"}],"about":[{"href":"https:\/\/biocosdz.com\/index.php?rest_route=\/wp\/v2\/types\/product"}],"replies":[{"embeddable":true,"href":"https:\/\/biocosdz.com\/index.php?rest_route=%2Fwp%2Fv2%2Fcomments&post=9355"}],"version-history":[{"count":1,"href":"https:\/\/biocosdz.com\/index.php?rest_route=\/wp\/v2\/product\/9355\/revisions"}],"predecessor-version":[{"id":9357,"href":"https:\/\/biocosdz.com\/index.php?rest_route=\/wp\/v2\/product\/9355\/revisions\/9357"}],"wp:featuredmedia":[{"embeddable":true,"href":"https:\/\/biocosdz.com\/index.php?rest_route=\/wp\/v2\/media\/9356"}],"wp:attachment":[{"href":"https:\/\/biocosdz.com\/index.php?rest_route=%2Fwp%2Fv2%2Fmedia&parent=9355"}],"wp:term":[{"taxonomy":"product_cat","embeddable":true,"href":"https:\/\/biocosdz.com\/index.php?rest_route=%2Fwp%2Fv2%2Fproduct_cat&post=9355"},{"taxonomy":"product_tag","embeddable":true,"href":"https:\/\/biocosdz.com\/index.php?rest_route=%2Fwp%2Fv2%2Fproduct_tag&post=9355"}],"curies":[{"name":"wp","href":"https:\/\/api.w.org\/{rel}","templated":true}]}}