{"id":9295,"date":"2025-06-21T09:05:54","date_gmt":"2025-06-21T09:05:54","guid":{"rendered":"https:\/\/biocosdz.com\/?post_type=product&#038;p=9295"},"modified":"2025-06-21T09:05:55","modified_gmt":"2025-06-21T09:05:55","slug":"pack-traitement-complet-sans-sulfat-sans-paraben","status":"publish","type":"product","link":"https:\/\/biocosdz.com\/?product=pack-traitement-complet-sans-sulfat-sans-paraben","title":{"rendered":"Pack Traitement Complet Sans Sulfat Sans paraben"},"content":{"rendered":"","protected":false},"excerpt":{"rendered":"<div class=\"product__ref\">SKU-2900<\/div>\n<div class=\"product__description\">\ud83c\udf3f Pack Traitement Complet \u2013 Sans Sulfate, Sans Paraben \ud83c\udf3f<br \/>\nOffrez \u00e0 vos cheveux le soin qu\u2019ils m\u00e9ritent avec notre Pack 100% sans sulfate et sans paraben, sp\u00e9cialement con\u00e7u pour redonner vie \u00e0 vos cheveux fragilis\u00e9s.<\/p>\n<p>\u2728 Id\u00e9al pour :<\/p>\n<p>Cheveux cassants et ab\u00eem\u00e9s<\/p>\n<p>Cheveux secs et ternes<\/p>\n<p>Stimuler la pousse et renforcer la fibre capillaire<\/p>\n<p>Freiner la chute des cheveux<\/p>\n<p>Favoriser une croissance saine et naturelle<\/p>\n<p>\ud83d\udca7 Enrichi en actifs naturels, ce traitement nourrit en profondeur, r\u00e9pare les cheveux ab\u00eem\u00e9s et les prot\u00e8ge durablement, tout en respectant votre cuir chevelu.<\/p>\n<p>\ud83c\udf31 Convient \u00e0 tous les types de cheveux, m\u00eame les plus sensibles.<\/p><\/div>\n","protected":false},"featured_media":9296,"comment_status":"open","ping_status":"closed","template":"","meta":[],"product_cat":[51],"product_tag":[],"class_list":{"0":"post-9295","1":"product","2":"type-product","3":"status-publish","4":"has-post-thumbnail","6":"product_cat-cosmetique-pack","7":"description-off","9":"first","10":"instock","11":"sale","12":"shipping-taxable","13":"purchasable","14":"product-type-simple"},"jetpack_sharing_enabled":true,"_links":{"self":[{"href":"https:\/\/biocosdz.com\/index.php?rest_route=\/wp\/v2\/product\/9295","targetHints":{"allow":["GET"]}}],"collection":[{"href":"https:\/\/biocosdz.com\/index.php?rest_route=\/wp\/v2\/product"}],"about":[{"href":"https:\/\/biocosdz.com\/index.php?rest_route=\/wp\/v2\/types\/product"}],"replies":[{"embeddable":true,"href":"https:\/\/biocosdz.com\/index.php?rest_route=%2Fwp%2Fv2%2Fcomments&post=9295"}],"version-history":[{"count":1,"href":"https:\/\/biocosdz.com\/index.php?rest_route=\/wp\/v2\/product\/9295\/revisions"}],"predecessor-version":[{"id":9297,"href":"https:\/\/biocosdz.com\/index.php?rest_route=\/wp\/v2\/product\/9295\/revisions\/9297"}],"wp:featuredmedia":[{"embeddable":true,"href":"https:\/\/biocosdz.com\/index.php?rest_route=\/wp\/v2\/media\/9296"}],"wp:attachment":[{"href":"https:\/\/biocosdz.com\/index.php?rest_route=%2Fwp%2Fv2%2Fmedia&parent=9295"}],"wp:term":[{"taxonomy":"product_cat","embeddable":true,"href":"https:\/\/biocosdz.com\/index.php?rest_route=%2Fwp%2Fv2%2Fproduct_cat&post=9295"},{"taxonomy":"product_tag","embeddable":true,"href":"https:\/\/biocosdz.com\/index.php?rest_route=%2Fwp%2Fv2%2Fproduct_tag&post=9295"}],"curies":[{"name":"wp","href":"https:\/\/api.w.org\/{rel}","templated":true}]}}