{"id":9282,"date":"2025-06-09T17:27:41","date_gmt":"2025-06-09T17:27:41","guid":{"rendered":"https:\/\/biocosdz.com\/?post_type=product&#038;p=9282"},"modified":"2025-06-09T17:27:41","modified_gmt":"2025-06-09T17:27:41","slug":"serum-multivitamines","status":"publish","type":"product","link":"https:\/\/biocosdz.com\/?product=serum-multivitamines","title":{"rendered":"Serum Multivitamines"},"content":{"rendered":"","protected":false},"excerpt":{"rendered":"<div class=\"product__ref\">254<\/div>\n<div class=\"product__description\">D\u00e9couvrez notre s\u00e9rum multivitamin\u00e9 pour le visage, un v\u00e9ritable concentr\u00e9 d&rsquo;\u00e9nergie pour votre peau. Enrichi en vitamines essentielles (C, B, E) et en antioxydants, ce s\u00e9rum puissant hydrate, revitalise et illumine votre teint. Sa formule l\u00e9g\u00e8re et non grasse p\u00e9n\u00e8tre rapidement pour offrir une hydratation en profondeur tout en r\u00e9duisant les signes visibles de fatigue et de vieillissement. Id\u00e9al pour tous les types de peau, il laisse votre visage \u00e9clatant, lisse et visiblement rajeuni. Faites de ce soin quotidien un alli\u00e9 incontournable pour une peau resplendissante de sant\u00e9<\/div>\n","protected":false},"featured_media":9283,"comment_status":"open","ping_status":"closed","template":"","meta":[],"product_cat":[47],"product_tag":[],"class_list":{"0":"post-9282","1":"product","2":"type-product","3":"status-publish","4":"has-post-thumbnail","6":"product_cat-cosmetique","7":"description-off","9":"first","10":"instock","11":"sale","12":"shipping-taxable","13":"purchasable","14":"product-type-simple"},"jetpack_sharing_enabled":true,"_links":{"self":[{"href":"https:\/\/biocosdz.com\/index.php?rest_route=\/wp\/v2\/product\/9282","targetHints":{"allow":["GET"]}}],"collection":[{"href":"https:\/\/biocosdz.com\/index.php?rest_route=\/wp\/v2\/product"}],"about":[{"href":"https:\/\/biocosdz.com\/index.php?rest_route=\/wp\/v2\/types\/product"}],"replies":[{"embeddable":true,"href":"https:\/\/biocosdz.com\/index.php?rest_route=%2Fwp%2Fv2%2Fcomments&post=9282"}],"version-history":[{"count":1,"href":"https:\/\/biocosdz.com\/index.php?rest_route=\/wp\/v2\/product\/9282\/revisions"}],"predecessor-version":[{"id":9284,"href":"https:\/\/biocosdz.com\/index.php?rest_route=\/wp\/v2\/product\/9282\/revisions\/9284"}],"wp:featuredmedia":[{"embeddable":true,"href":"https:\/\/biocosdz.com\/index.php?rest_route=\/wp\/v2\/media\/9283"}],"wp:attachment":[{"href":"https:\/\/biocosdz.com\/index.php?rest_route=%2Fwp%2Fv2%2Fmedia&parent=9282"}],"wp:term":[{"taxonomy":"product_cat","embeddable":true,"href":"https:\/\/biocosdz.com\/index.php?rest_route=%2Fwp%2Fv2%2Fproduct_cat&post=9282"},{"taxonomy":"product_tag","embeddable":true,"href":"https:\/\/biocosdz.com\/index.php?rest_route=%2Fwp%2Fv2%2Fproduct_tag&post=9282"}],"curies":[{"name":"wp","href":"https:\/\/api.w.org\/{rel}","templated":true}]}}