{"id":9279,"date":"2025-06-09T14:28:51","date_gmt":"2025-06-09T14:28:51","guid":{"rendered":"https:\/\/biocosdz.com\/?post_type=product&#038;p=9279"},"modified":"2025-06-09T14:28:52","modified_gmt":"2025-06-09T14:28:52","slug":"eau-micellaire-4-en-1","status":"publish","type":"product","link":"https:\/\/biocosdz.com\/?product=eau-micellaire-4-en-1","title":{"rendered":"Eau Micellaire 4 en 1"},"content":{"rendered":"","protected":false},"excerpt":{"rendered":"<div class=\"product__ref\">253<\/div>\n<div class=\"product__description\">Offrez \u00e0 votre peau une sensation de fra\u00eecheur et de puret\u00e9 avec notre eau micellaire d\u00e9licate. Enrichie en ingr\u00e9dients naturels, elle d\u00e9maquille, nettoie et apaise en un seul geste, tout en respectant l\u2019\u00e9quilibre naturel de votre peau.<br \/>\nSa formule sans rin\u00e7age, adapt\u00e9e \u00e0 tous les types de peau, m\u00eame les plus sensibles, \u00e9limine en douceur les impuret\u00e9s et le maquillage, laissant votre teint lumineux et hydrat\u00e9.<\/div>\n","protected":false},"featured_media":9280,"comment_status":"open","ping_status":"closed","template":"","meta":[],"product_cat":[47],"product_tag":[],"class_list":{"0":"post-9279","1":"product","2":"type-product","3":"status-publish","4":"has-post-thumbnail","6":"product_cat-cosmetique","7":"description-off","9":"first","10":"instock","11":"sale","12":"shipping-taxable","13":"purchasable","14":"product-type-simple"},"jetpack_sharing_enabled":true,"_links":{"self":[{"href":"https:\/\/biocosdz.com\/index.php?rest_route=\/wp\/v2\/product\/9279","targetHints":{"allow":["GET"]}}],"collection":[{"href":"https:\/\/biocosdz.com\/index.php?rest_route=\/wp\/v2\/product"}],"about":[{"href":"https:\/\/biocosdz.com\/index.php?rest_route=\/wp\/v2\/types\/product"}],"replies":[{"embeddable":true,"href":"https:\/\/biocosdz.com\/index.php?rest_route=%2Fwp%2Fv2%2Fcomments&post=9279"}],"version-history":[{"count":1,"href":"https:\/\/biocosdz.com\/index.php?rest_route=\/wp\/v2\/product\/9279\/revisions"}],"predecessor-version":[{"id":9281,"href":"https:\/\/biocosdz.com\/index.php?rest_route=\/wp\/v2\/product\/9279\/revisions\/9281"}],"wp:featuredmedia":[{"embeddable":true,"href":"https:\/\/biocosdz.com\/index.php?rest_route=\/wp\/v2\/media\/9280"}],"wp:attachment":[{"href":"https:\/\/biocosdz.com\/index.php?rest_route=%2Fwp%2Fv2%2Fmedia&parent=9279"}],"wp:term":[{"taxonomy":"product_cat","embeddable":true,"href":"https:\/\/biocosdz.com\/index.php?rest_route=%2Fwp%2Fv2%2Fproduct_cat&post=9279"},{"taxonomy":"product_tag","embeddable":true,"href":"https:\/\/biocosdz.com\/index.php?rest_route=%2Fwp%2Fv2%2Fproduct_tag&post=9279"}],"curies":[{"name":"wp","href":"https:\/\/api.w.org\/{rel}","templated":true}]}}