{"id":9276,"date":"2025-06-09T14:26:19","date_gmt":"2025-06-09T14:26:19","guid":{"rendered":"https:\/\/biocosdz.com\/?post_type=product&#038;p=9276"},"modified":"2025-06-09T14:26:19","modified_gmt":"2025-06-09T14:26:19","slug":"creme-hydratante-peau-sensible","status":"publish","type":"product","link":"https:\/\/biocosdz.com\/?product=creme-hydratante-peau-sensible","title":{"rendered":"Creme Hydratante Peau Sensible"},"content":{"rendered":"","protected":false},"excerpt":{"rendered":"<div class=\"product__ref\">SKU-257<\/div>\n<div class=\"product__description\">Pr\u00e9vention de la d\u00e9shydratation.<br \/>\nMaintien de l&rsquo;\u00e9lasticit\u00e9.<br \/>\nProtection contre les agression ext\u00e9rieures.<br \/>\nAmelioration de la texture de la peau.<br \/>\nR\u00e9paration et r\u00e9g\u00e9n\u00e9ration.<br \/>\nR\u00e9duction des irritations.<br \/>\nFavorisation de l&rsquo;absorbtion des autres soins.<\/div>\n","protected":false},"featured_media":9277,"comment_status":"open","ping_status":"closed","template":"","meta":[],"product_cat":[47],"product_tag":[],"class_list":{"0":"post-9276","1":"product","2":"type-product","3":"status-publish","4":"has-post-thumbnail","6":"product_cat-cosmetique","7":"description-off","9":"first","10":"instock","11":"sale","12":"shipping-taxable","13":"purchasable","14":"product-type-simple"},"jetpack_sharing_enabled":true,"_links":{"self":[{"href":"https:\/\/biocosdz.com\/index.php?rest_route=\/wp\/v2\/product\/9276","targetHints":{"allow":["GET"]}}],"collection":[{"href":"https:\/\/biocosdz.com\/index.php?rest_route=\/wp\/v2\/product"}],"about":[{"href":"https:\/\/biocosdz.com\/index.php?rest_route=\/wp\/v2\/types\/product"}],"replies":[{"embeddable":true,"href":"https:\/\/biocosdz.com\/index.php?rest_route=%2Fwp%2Fv2%2Fcomments&post=9276"}],"version-history":[{"count":1,"href":"https:\/\/biocosdz.com\/index.php?rest_route=\/wp\/v2\/product\/9276\/revisions"}],"predecessor-version":[{"id":9278,"href":"https:\/\/biocosdz.com\/index.php?rest_route=\/wp\/v2\/product\/9276\/revisions\/9278"}],"wp:featuredmedia":[{"embeddable":true,"href":"https:\/\/biocosdz.com\/index.php?rest_route=\/wp\/v2\/media\/9277"}],"wp:attachment":[{"href":"https:\/\/biocosdz.com\/index.php?rest_route=%2Fwp%2Fv2%2Fmedia&parent=9276"}],"wp:term":[{"taxonomy":"product_cat","embeddable":true,"href":"https:\/\/biocosdz.com\/index.php?rest_route=%2Fwp%2Fv2%2Fproduct_cat&post=9276"},{"taxonomy":"product_tag","embeddable":true,"href":"https:\/\/biocosdz.com\/index.php?rest_route=%2Fwp%2Fv2%2Fproduct_tag&post=9276"}],"curies":[{"name":"wp","href":"https:\/\/api.w.org\/{rel}","templated":true}]}}