{"id":9267,"date":"2025-06-09T14:11:54","date_gmt":"2025-06-09T14:11:54","guid":{"rendered":"https:\/\/biocosdz.com\/?post_type=product&#038;p=9267"},"modified":"2025-06-09T14:11:55","modified_gmt":"2025-06-09T14:11:55","slug":"new-ecran-total-spf50","status":"publish","type":"product","link":"https:\/\/biocosdz.com\/?product=new-ecran-total-spf50","title":{"rendered":"New Ecran Total SPF50"},"content":{"rendered":"","protected":false},"excerpt":{"rendered":"<div class=\"product__ref\">245<\/div>\n<div class=\"product__description\">Prot\u00e9gez votre peau efficacement contre les effets n\u00e9fastes du soleil avec cet \u00e9cran total SPF 50, con\u00e7u pour offrir une protection tr\u00e8s haute contre les rayons UVA et UVB. Sa formule l\u00e9g\u00e8re, non grasse et r\u00e9sistante \u00e0 l\u2019eau en fait un alli\u00e9 id\u00e9al pour un usage quotidien ou lors d&rsquo;expositions prolong\u00e9es.<\/div>\n","protected":false},"featured_media":9268,"comment_status":"open","ping_status":"closed","template":"","meta":[],"product_cat":[47],"product_tag":[],"class_list":{"0":"post-9267","1":"product","2":"type-product","3":"status-publish","4":"has-post-thumbnail","6":"product_cat-cosmetique","7":"description-off","9":"first","10":"instock","11":"sale","12":"shipping-taxable","13":"purchasable","14":"product-type-simple"},"jetpack_sharing_enabled":true,"_links":{"self":[{"href":"https:\/\/biocosdz.com\/index.php?rest_route=\/wp\/v2\/product\/9267","targetHints":{"allow":["GET"]}}],"collection":[{"href":"https:\/\/biocosdz.com\/index.php?rest_route=\/wp\/v2\/product"}],"about":[{"href":"https:\/\/biocosdz.com\/index.php?rest_route=\/wp\/v2\/types\/product"}],"replies":[{"embeddable":true,"href":"https:\/\/biocosdz.com\/index.php?rest_route=%2Fwp%2Fv2%2Fcomments&post=9267"}],"version-history":[{"count":1,"href":"https:\/\/biocosdz.com\/index.php?rest_route=\/wp\/v2\/product\/9267\/revisions"}],"predecessor-version":[{"id":9269,"href":"https:\/\/biocosdz.com\/index.php?rest_route=\/wp\/v2\/product\/9267\/revisions\/9269"}],"wp:featuredmedia":[{"embeddable":true,"href":"https:\/\/biocosdz.com\/index.php?rest_route=\/wp\/v2\/media\/9268"}],"wp:attachment":[{"href":"https:\/\/biocosdz.com\/index.php?rest_route=%2Fwp%2Fv2%2Fmedia&parent=9267"}],"wp:term":[{"taxonomy":"product_cat","embeddable":true,"href":"https:\/\/biocosdz.com\/index.php?rest_route=%2Fwp%2Fv2%2Fproduct_cat&post=9267"},{"taxonomy":"product_tag","embeddable":true,"href":"https:\/\/biocosdz.com\/index.php?rest_route=%2Fwp%2Fv2%2Fproduct_tag&post=9267"}],"curies":[{"name":"wp","href":"https:\/\/api.w.org\/{rel}","templated":true}]}}