{"id":9257,"date":"2025-06-04T18:16:58","date_gmt":"2025-06-04T18:16:58","guid":{"rendered":"https:\/\/biocosdz.com\/?post_type=product&#038;p=9257"},"modified":"2025-06-04T18:16:59","modified_gmt":"2025-06-04T18:16:59","slug":"hybrid-foundation-ultmt-light","status":"publish","type":"product","link":"https:\/\/biocosdz.com\/?product=hybrid-foundation-ultmt-light","title":{"rendered":"HYBRID Foundation ULTMT Light"},"content":{"rendered":"","protected":false},"excerpt":{"rendered":"<div class=\"product__ref\">SKU266<\/div>\n<div class=\"product__description\">D\u00e9couvrez la nouvelle g\u00e9n\u00e9ration de fond de teint avec HYBRID Foundation ULTMT Light, la fusion parfaite entre maquillage et soin. Gr\u00e2ce \u00e0 sa formule innovante, ce fond de teint offre une couvrance modulable et un fini naturel tout en nourrissant et prot\u00e9geant la peau.<\/div>\n","protected":false},"featured_media":9258,"comment_status":"open","ping_status":"closed","template":"","meta":[],"product_cat":[52],"product_tag":[],"class_list":{"0":"post-9257","1":"product","2":"type-product","3":"status-publish","4":"has-post-thumbnail","6":"product_cat-make-up","7":"description-off","9":"first","10":"instock","11":"sale","12":"shipping-taxable","13":"purchasable","14":"product-type-simple"},"jetpack_sharing_enabled":true,"_links":{"self":[{"href":"https:\/\/biocosdz.com\/index.php?rest_route=\/wp\/v2\/product\/9257","targetHints":{"allow":["GET"]}}],"collection":[{"href":"https:\/\/biocosdz.com\/index.php?rest_route=\/wp\/v2\/product"}],"about":[{"href":"https:\/\/biocosdz.com\/index.php?rest_route=\/wp\/v2\/types\/product"}],"replies":[{"embeddable":true,"href":"https:\/\/biocosdz.com\/index.php?rest_route=%2Fwp%2Fv2%2Fcomments&post=9257"}],"version-history":[{"count":1,"href":"https:\/\/biocosdz.com\/index.php?rest_route=\/wp\/v2\/product\/9257\/revisions"}],"predecessor-version":[{"id":9259,"href":"https:\/\/biocosdz.com\/index.php?rest_route=\/wp\/v2\/product\/9257\/revisions\/9259"}],"wp:featuredmedia":[{"embeddable":true,"href":"https:\/\/biocosdz.com\/index.php?rest_route=\/wp\/v2\/media\/9258"}],"wp:attachment":[{"href":"https:\/\/biocosdz.com\/index.php?rest_route=%2Fwp%2Fv2%2Fmedia&parent=9257"}],"wp:term":[{"taxonomy":"product_cat","embeddable":true,"href":"https:\/\/biocosdz.com\/index.php?rest_route=%2Fwp%2Fv2%2Fproduct_cat&post=9257"},{"taxonomy":"product_tag","embeddable":true,"href":"https:\/\/biocosdz.com\/index.php?rest_route=%2Fwp%2Fv2%2Fproduct_tag&post=9257"}],"curies":[{"name":"wp","href":"https:\/\/api.w.org\/{rel}","templated":true}]}}