{"id":9198,"date":"2024-12-25T13:39:08","date_gmt":"2024-12-25T13:39:08","guid":{"rendered":"https:\/\/biocosdz.com\/?post_type=product&#038;p=9198"},"modified":"2024-12-25T13:39:09","modified_gmt":"2024-12-25T13:39:09","slug":"ultmt-liquid-matte-2","status":"publish","type":"product","link":"https:\/\/biocosdz.com\/?product=ultmt-liquid-matte-2","title":{"rendered":"ULTMT Liquid Matte 2"},"content":{"rendered":"","protected":false},"excerpt":{"rendered":"<div class=\"product__ref\">2002<\/div>\n<div class=\"product__description\">Affirmez votre style avec notre rouge \u00e0 l\u00e8vres liquide mat longue tenue. Sa formule l\u00e9g\u00e8re et velout\u00e9e glisse sur les l\u00e8vres pour offrir une couleur intense et un fini ultra-mat, sans compromis sur le confort.<\/p>\n<p>Enrichi en agents hydratants, il maintient vos l\u00e8vres douces et lisses tout au long de la journ\u00e9e, sans effet de dess\u00e8chement. R\u00e9sistant aux transferts, il reste impeccable du matin au soir, pour un sourire audacieux qui attire tous les regards.<\/p><\/div>\n","protected":false},"featured_media":9199,"comment_status":"open","ping_status":"closed","template":"","meta":[],"product_cat":[52],"product_tag":[],"class_list":{"0":"post-9198","1":"product","2":"type-product","3":"status-publish","4":"has-post-thumbnail","6":"product_cat-make-up","7":"description-off","9":"first","10":"instock","11":"sale","12":"shipping-taxable","13":"purchasable","14":"product-type-simple"},"jetpack_sharing_enabled":true,"_links":{"self":[{"href":"https:\/\/biocosdz.com\/index.php?rest_route=\/wp\/v2\/product\/9198","targetHints":{"allow":["GET"]}}],"collection":[{"href":"https:\/\/biocosdz.com\/index.php?rest_route=\/wp\/v2\/product"}],"about":[{"href":"https:\/\/biocosdz.com\/index.php?rest_route=\/wp\/v2\/types\/product"}],"replies":[{"embeddable":true,"href":"https:\/\/biocosdz.com\/index.php?rest_route=%2Fwp%2Fv2%2Fcomments&post=9198"}],"version-history":[{"count":1,"href":"https:\/\/biocosdz.com\/index.php?rest_route=\/wp\/v2\/product\/9198\/revisions"}],"predecessor-version":[{"id":9200,"href":"https:\/\/biocosdz.com\/index.php?rest_route=\/wp\/v2\/product\/9198\/revisions\/9200"}],"wp:featuredmedia":[{"embeddable":true,"href":"https:\/\/biocosdz.com\/index.php?rest_route=\/wp\/v2\/media\/9199"}],"wp:attachment":[{"href":"https:\/\/biocosdz.com\/index.php?rest_route=%2Fwp%2Fv2%2Fmedia&parent=9198"}],"wp:term":[{"taxonomy":"product_cat","embeddable":true,"href":"https:\/\/biocosdz.com\/index.php?rest_route=%2Fwp%2Fv2%2Fproduct_cat&post=9198"},{"taxonomy":"product_tag","embeddable":true,"href":"https:\/\/biocosdz.com\/index.php?rest_route=%2Fwp%2Fv2%2Fproduct_tag&post=9198"}],"curies":[{"name":"wp","href":"https:\/\/api.w.org\/{rel}","templated":true}]}}