{"id":9186,"date":"2024-12-25T13:15:45","date_gmt":"2024-12-25T13:15:45","guid":{"rendered":"https:\/\/biocosdz.com\/?post_type=product&#038;p=9186"},"modified":"2024-12-25T13:15:45","modified_gmt":"2024-12-25T13:15:45","slug":"ultmt-concealer-rich-chocolate","status":"publish","type":"product","link":"https:\/\/biocosdz.com\/?product=ultmt-concealer-rich-chocolate","title":{"rendered":"ULTMT Concealer Rich Chocolate"},"content":{"rendered":"","protected":false},"excerpt":{"rendered":"<div class=\"product__ref\">261<\/div>\n<div class=\"product__description\">R\u00e9v\u00e9lez un teint parfait et lumineux avec notre concealer haute performance. Sa texture l\u00e9g\u00e8re et cr\u00e9meuse offre une couvrance modulable qui dissimule instantan\u00e9ment cernes, rougeurs et imperfections, tout en illuminant les zones cl\u00e9s du visage.<\/p>\n<p>Gr\u00e2ce \u00e0 sa formule enrichie en actifs hydratants, il reste confortable toute la journ\u00e9e sans marquer les ridules. Facile \u00e0 appliquer et \u00e0 estomper, il s&rsquo;adapte \u00e0 toutes les carnations pour un fini naturel et \u00e9clatant.<\/p><\/div>\n","protected":false},"featured_media":9187,"comment_status":"open","ping_status":"closed","template":"","meta":[],"product_cat":[52],"product_tag":[],"class_list":{"0":"post-9186","1":"product","2":"type-product","3":"status-publish","4":"has-post-thumbnail","6":"product_cat-make-up","7":"description-off","9":"first","10":"instock","11":"sale","12":"shipping-taxable","13":"purchasable","14":"product-type-simple"},"jetpack_sharing_enabled":true,"_links":{"self":[{"href":"https:\/\/biocosdz.com\/index.php?rest_route=\/wp\/v2\/product\/9186","targetHints":{"allow":["GET"]}}],"collection":[{"href":"https:\/\/biocosdz.com\/index.php?rest_route=\/wp\/v2\/product"}],"about":[{"href":"https:\/\/biocosdz.com\/index.php?rest_route=\/wp\/v2\/types\/product"}],"replies":[{"embeddable":true,"href":"https:\/\/biocosdz.com\/index.php?rest_route=%2Fwp%2Fv2%2Fcomments&post=9186"}],"version-history":[{"count":1,"href":"https:\/\/biocosdz.com\/index.php?rest_route=\/wp\/v2\/product\/9186\/revisions"}],"predecessor-version":[{"id":9188,"href":"https:\/\/biocosdz.com\/index.php?rest_route=\/wp\/v2\/product\/9186\/revisions\/9188"}],"wp:featuredmedia":[{"embeddable":true,"href":"https:\/\/biocosdz.com\/index.php?rest_route=\/wp\/v2\/media\/9187"}],"wp:attachment":[{"href":"https:\/\/biocosdz.com\/index.php?rest_route=%2Fwp%2Fv2%2Fmedia&parent=9186"}],"wp:term":[{"taxonomy":"product_cat","embeddable":true,"href":"https:\/\/biocosdz.com\/index.php?rest_route=%2Fwp%2Fv2%2Fproduct_cat&post=9186"},{"taxonomy":"product_tag","embeddable":true,"href":"https:\/\/biocosdz.com\/index.php?rest_route=%2Fwp%2Fv2%2Fproduct_tag&post=9186"}],"curies":[{"name":"wp","href":"https:\/\/api.w.org\/{rel}","templated":true}]}}