{"id":8690,"date":"2024-10-28T09:08:04","date_gmt":"2024-10-28T09:08:04","guid":{"rendered":"https:\/\/biocosdz.com\/?post_type=product&#038;p=8690"},"modified":"2024-11-03T14:14:03","modified_gmt":"2024-11-03T14:14:03","slug":"cycle-feminin","status":"publish","type":"product","link":"https:\/\/biocosdz.com\/?product=cycle-feminin","title":{"rendered":"Cycle Feminin"},"content":{"rendered":"","protected":false},"excerpt":{"rendered":"<div class=\"product__ref\">024<\/div>\n<div class=\"product__description\">Une tisane sp\u00e9cialement formul\u00e9e pour le cycle f\u00e9minin peut offrir divers bienfaits en agissant sur les sympt\u00f4mes li\u00e9s aux cycles menstruels et hormonaux , les bienfaits :<br \/>\n-Soulagement des douleurs menstruelles<br \/>\n-R\u00e9gulation des hormones<br \/>\n-R\u00e9duction des sympt\u00f4mes du syndrome pr\u00e9menstrue<br \/>\n-Am\u00e9lioration de la digestion et r\u00e9duction des ballonnements<\/div>\n","protected":false},"featured_media":8691,"comment_status":"open","ping_status":"closed","template":"","meta":[],"product_cat":[46],"product_tag":[],"class_list":{"0":"post-8690","1":"product","2":"type-product","3":"status-publish","4":"has-post-thumbnail","6":"product_cat-complement-alimentaire","7":"description-off","9":"first","10":"instock","11":"sale","12":"shipping-taxable","13":"purchasable","14":"product-type-simple"},"jetpack_sharing_enabled":true,"_links":{"self":[{"href":"https:\/\/biocosdz.com\/index.php?rest_route=\/wp\/v2\/product\/8690","targetHints":{"allow":["GET"]}}],"collection":[{"href":"https:\/\/biocosdz.com\/index.php?rest_route=\/wp\/v2\/product"}],"about":[{"href":"https:\/\/biocosdz.com\/index.php?rest_route=\/wp\/v2\/types\/product"}],"replies":[{"embeddable":true,"href":"https:\/\/biocosdz.com\/index.php?rest_route=%2Fwp%2Fv2%2Fcomments&post=8690"}],"version-history":[{"count":4,"href":"https:\/\/biocosdz.com\/index.php?rest_route=\/wp\/v2\/product\/8690\/revisions"}],"predecessor-version":[{"id":8952,"href":"https:\/\/biocosdz.com\/index.php?rest_route=\/wp\/v2\/product\/8690\/revisions\/8952"}],"wp:featuredmedia":[{"embeddable":true,"href":"https:\/\/biocosdz.com\/index.php?rest_route=\/wp\/v2\/media\/8691"}],"wp:attachment":[{"href":"https:\/\/biocosdz.com\/index.php?rest_route=%2Fwp%2Fv2%2Fmedia&parent=8690"}],"wp:term":[{"taxonomy":"product_cat","embeddable":true,"href":"https:\/\/biocosdz.com\/index.php?rest_route=%2Fwp%2Fv2%2Fproduct_cat&post=8690"},{"taxonomy":"product_tag","embeddable":true,"href":"https:\/\/biocosdz.com\/index.php?rest_route=%2Fwp%2Fv2%2Fproduct_tag&post=8690"}],"curies":[{"name":"wp","href":"https:\/\/api.w.org\/{rel}","templated":true}]}}