{"id":8684,"date":"2024-10-24T20:16:14","date_gmt":"2024-10-24T20:16:14","guid":{"rendered":"https:\/\/biocosdz.com\/?post_type=product&#038;p=8684"},"modified":"2024-11-03T14:11:06","modified_gmt":"2024-11-03T14:11:06","slug":"gel-douche-coconut","status":"publish","type":"product","link":"https:\/\/biocosdz.com\/?product=gel-douche-coconut","title":{"rendered":"Gel Douche Coconut"},"content":{"rendered":"","protected":false},"excerpt":{"rendered":"<div class=\"product__ref\">263<\/div>\n<div class=\"product__description\">-Plongez dans un oc\u00e9an de douceur avec notre gel douche \u00e0 la noix de coco. Sa texture cr\u00e9meuse nettoie en profondeur tout en nourrissant votre peau, laissant derri\u00e8re elle un parfum exotique et gourmand. Pour un moment d\u2019\u00e9vasion sous la douche, sentez la chaleur tropicale vous envelopper \u00e0 chaque utilisation<\/div>\n","protected":false},"featured_media":8685,"comment_status":"open","ping_status":"closed","template":"","meta":[],"product_cat":[47],"product_tag":[],"class_list":{"0":"post-8684","1":"product","2":"type-product","3":"status-publish","4":"has-post-thumbnail","6":"product_cat-cosmetique","7":"description-off","9":"first","10":"instock","11":"sale","12":"shipping-taxable","13":"purchasable","14":"product-type-simple"},"jetpack_sharing_enabled":true,"_links":{"self":[{"href":"https:\/\/biocosdz.com\/index.php?rest_route=\/wp\/v2\/product\/8684","targetHints":{"allow":["GET"]}}],"collection":[{"href":"https:\/\/biocosdz.com\/index.php?rest_route=\/wp\/v2\/product"}],"about":[{"href":"https:\/\/biocosdz.com\/index.php?rest_route=\/wp\/v2\/types\/product"}],"replies":[{"embeddable":true,"href":"https:\/\/biocosdz.com\/index.php?rest_route=%2Fwp%2Fv2%2Fcomments&post=8684"}],"version-history":[{"count":2,"href":"https:\/\/biocosdz.com\/index.php?rest_route=\/wp\/v2\/product\/8684\/revisions"}],"predecessor-version":[{"id":8721,"href":"https:\/\/biocosdz.com\/index.php?rest_route=\/wp\/v2\/product\/8684\/revisions\/8721"}],"wp:featuredmedia":[{"embeddable":true,"href":"https:\/\/biocosdz.com\/index.php?rest_route=\/wp\/v2\/media\/8685"}],"wp:attachment":[{"href":"https:\/\/biocosdz.com\/index.php?rest_route=%2Fwp%2Fv2%2Fmedia&parent=8684"}],"wp:term":[{"taxonomy":"product_cat","embeddable":true,"href":"https:\/\/biocosdz.com\/index.php?rest_route=%2Fwp%2Fv2%2Fproduct_cat&post=8684"},{"taxonomy":"product_tag","embeddable":true,"href":"https:\/\/biocosdz.com\/index.php?rest_route=%2Fwp%2Fv2%2Fproduct_tag&post=8684"}],"curies":[{"name":"wp","href":"https:\/\/api.w.org\/{rel}","templated":true}]}}