{"id":8668,"date":"2024-10-24T20:06:19","date_gmt":"2024-10-24T20:06:19","guid":{"rendered":"https:\/\/biocosdz.com\/?post_type=product&#038;p=8668"},"modified":"2024-11-03T14:11:06","modified_gmt":"2024-11-03T14:11:06","slug":"pack-ultimate-calm","status":"publish","type":"product","link":"https:\/\/biocosdz.com\/?product=pack-ultimate-calm","title":{"rendered":"Pack Ultimate Calm"},"content":{"rendered":"","protected":false},"excerpt":{"rendered":"<div class=\"product__ref\">SKU304<\/div>\n<div class=\"product__description\">Gel et Cr\u00e8me Anti-Douleur Musculaire &amp; Articulaire<br \/>\nLa formule parfaite pour prot\u00e9ger vos articulations et soulager la douleur arthritique.<br \/>\nNotre produit est con\u00e7u pour aider \u00e0 soulager la douleur, r\u00e9duire la raideur et am\u00e9liorer la mobilit\u00e9.<\/p>\n<p>Mode d\u2019emploi :<br \/>\n\u25cf Ultimate Calm jour et nuit<br \/>\nEtaler sur la zone douloureuse et masser doucement , il est conseill\u00e9 de chauffer la zone avant de masser.<br \/>\n\u25cf Turmeric Curcumin<br \/>\n2 \u00e0 4 g\u00e9lules par jour en deux prises \u00e0 prendre avec un grand verre d&rsquo;eau, au moment du repas.<\/p><\/div>\n","protected":false},"featured_media":8657,"comment_status":"open","ping_status":"closed","template":"","meta":[],"product_cat":[51],"product_tag":[],"class_list":{"0":"post-8668","1":"product","2":"type-product","3":"status-publish","4":"has-post-thumbnail","6":"product_cat-cosmetique-pack","7":"description-off","9":"first","10":"instock","11":"sale","12":"shipping-taxable","13":"purchasable","14":"product-type-simple"},"jetpack_sharing_enabled":true,"_links":{"self":[{"href":"https:\/\/biocosdz.com\/index.php?rest_route=\/wp\/v2\/product\/8668","targetHints":{"allow":["GET"]}}],"collection":[{"href":"https:\/\/biocosdz.com\/index.php?rest_route=\/wp\/v2\/product"}],"about":[{"href":"https:\/\/biocosdz.com\/index.php?rest_route=\/wp\/v2\/types\/product"}],"replies":[{"embeddable":true,"href":"https:\/\/biocosdz.com\/index.php?rest_route=%2Fwp%2Fv2%2Fcomments&post=8668"}],"version-history":[{"count":3,"href":"https:\/\/biocosdz.com\/index.php?rest_route=\/wp\/v2\/product\/8668\/revisions"}],"predecessor-version":[{"id":8945,"href":"https:\/\/biocosdz.com\/index.php?rest_route=\/wp\/v2\/product\/8668\/revisions\/8945"}],"wp:featuredmedia":[{"embeddable":true,"href":"https:\/\/biocosdz.com\/index.php?rest_route=\/wp\/v2\/media\/8657"}],"wp:attachment":[{"href":"https:\/\/biocosdz.com\/index.php?rest_route=%2Fwp%2Fv2%2Fmedia&parent=8668"}],"wp:term":[{"taxonomy":"product_cat","embeddable":true,"href":"https:\/\/biocosdz.com\/index.php?rest_route=%2Fwp%2Fv2%2Fproduct_cat&post=8668"},{"taxonomy":"product_tag","embeddable":true,"href":"https:\/\/biocosdz.com\/index.php?rest_route=%2Fwp%2Fv2%2Fproduct_tag&post=8668"}],"curies":[{"name":"wp","href":"https:\/\/api.w.org\/{rel}","templated":true}]}}