{"id":8666,"date":"2024-10-24T20:05:03","date_gmt":"2024-10-24T20:05:03","guid":{"rendered":"https:\/\/biocosdz.com\/?post_type=product&#038;p=8666"},"modified":"2024-11-03T14:11:05","modified_gmt":"2024-11-03T14:11:05","slug":"pack-anti-chute-ultimate","status":"publish","type":"product","link":"https:\/\/biocosdz.com\/?product=pack-anti-chute-ultimate","title":{"rendered":"Pack Anti Chute Ultimate"},"content":{"rendered":"","protected":false},"excerpt":{"rendered":"<div class=\"product__ref\">SKU-250<\/div>\n<div class=\"product__description\">Pack anti-chute ( Shampooing et lotion ) hydrate et renforce les cheveux qui ont tendance \u00e0 tomber et \u00e0 se casser. En une semaine seulement, il r\u00e9duit la chute des cheveux, apporte brillance et volume, pr\u00e9vient les pointes fourchues et contr\u00f4le l&rsquo;apparition des pellicules.<br \/>\nLes capsules de collag\u00e8ne + vitamine C visent \u00e0 compenser le ralentissement naturel de la production de collag\u00e8ne dans l&rsquo;organisme.<\/p>\n<p>Conseils d\u2019utilisation :<\/p>\n<p>\u25cf Shampooing anti-chute :<br \/>\nMasser jusqu&rsquo;a l&rsquo;apparition d&rsquo;une mousse dense. laisser reposer quelques minutes avant de rincer.<br \/>\n\u25cf Lotion anti-chute :<br \/>\nAppliquer sur cheveux secs ou mouill\u00e9s, sans rin\u00e7age. Destin\u00e9e aux femmes comme aux hommes .<br \/>\n\u25cf Collag\u00e8ne + vitamine C :<br \/>\n2 g\u00e9lules par jour en deux prises \u00e0 prendre avec un grand verre d\u2019eau.<\/p><\/div>\n","protected":false},"featured_media":8660,"comment_status":"open","ping_status":"closed","template":"","meta":[],"product_cat":[51],"product_tag":[],"class_list":{"0":"post-8666","1":"product","2":"type-product","3":"status-publish","4":"has-post-thumbnail","6":"product_cat-cosmetique-pack","7":"description-off","9":"first","10":"instock","11":"sale","12":"shipping-taxable","13":"purchasable","14":"product-type-simple"},"jetpack_sharing_enabled":true,"_links":{"self":[{"href":"https:\/\/biocosdz.com\/index.php?rest_route=\/wp\/v2\/product\/8666","targetHints":{"allow":["GET"]}}],"collection":[{"href":"https:\/\/biocosdz.com\/index.php?rest_route=\/wp\/v2\/product"}],"about":[{"href":"https:\/\/biocosdz.com\/index.php?rest_route=\/wp\/v2\/types\/product"}],"replies":[{"embeddable":true,"href":"https:\/\/biocosdz.com\/index.php?rest_route=%2Fwp%2Fv2%2Fcomments&post=8666"}],"version-history":[{"count":3,"href":"https:\/\/biocosdz.com\/index.php?rest_route=\/wp\/v2\/product\/8666\/revisions"}],"predecessor-version":[{"id":8944,"href":"https:\/\/biocosdz.com\/index.php?rest_route=\/wp\/v2\/product\/8666\/revisions\/8944"}],"wp:featuredmedia":[{"embeddable":true,"href":"https:\/\/biocosdz.com\/index.php?rest_route=\/wp\/v2\/media\/8660"}],"wp:attachment":[{"href":"https:\/\/biocosdz.com\/index.php?rest_route=%2Fwp%2Fv2%2Fmedia&parent=8666"}],"wp:term":[{"taxonomy":"product_cat","embeddable":true,"href":"https:\/\/biocosdz.com\/index.php?rest_route=%2Fwp%2Fv2%2Fproduct_cat&post=8666"},{"taxonomy":"product_tag","embeddable":true,"href":"https:\/\/biocosdz.com\/index.php?rest_route=%2Fwp%2Fv2%2Fproduct_tag&post=8666"}],"curies":[{"name":"wp","href":"https:\/\/api.w.org\/{rel}","templated":true}]}}