{"id":8612,"date":"2024-10-24T13:20:32","date_gmt":"2024-10-24T13:20:32","guid":{"rendered":"https:\/\/biocosdz.com\/?post_type=product&#038;p=8612"},"modified":"2024-11-03T14:11:04","modified_gmt":"2024-11-03T14:11:04","slug":"creme-anti-cellulite","status":"publish","type":"product","link":"https:\/\/biocosdz.com\/?product=creme-anti-cellulite","title":{"rendered":"Creme Anti Cellulite"},"content":{"rendered":"","protected":false},"excerpt":{"rendered":"<div class=\"product__ref\">SKU219<\/div>\n<div class=\"product__description\">La cellulite s&rsquo;installe sur les zones du corps telles que les fesses et les cuisses sans pour autant avoir des probl\u00e8mes de poids. Ces capitons repr\u00e9sentent un amas de graisse qui s&rsquo;installe sous la peau<\/p>\n<p>Les bienfaits : Son principal r\u00f4le est de bruler la cellulite ainsi que la graisse tout en raffermissant la peau.<\/p>\n<p>Conseils d\u2019utilisation : Appliquer a n&rsquo;importe quelles heures de la journ\u00e9e sur une peau propre et s\u00e8che. \u00c9taler en appliquant de l\u00e9gers massages circulaires pour en faciliter la p\u00e9n\u00e9tration.<\/p><\/div>\n","protected":false},"featured_media":8537,"comment_status":"open","ping_status":"closed","template":"","meta":[],"product_cat":[47],"product_tag":[],"class_list":{"0":"post-8612","1":"product","2":"type-product","3":"status-publish","4":"has-post-thumbnail","6":"product_cat-cosmetique","7":"description-off","9":"first","10":"instock","11":"sale","12":"shipping-taxable","13":"purchasable","14":"product-type-simple"},"jetpack_sharing_enabled":true,"_links":{"self":[{"href":"https:\/\/biocosdz.com\/index.php?rest_route=\/wp\/v2\/product\/8612","targetHints":{"allow":["GET"]}}],"collection":[{"href":"https:\/\/biocosdz.com\/index.php?rest_route=\/wp\/v2\/product"}],"about":[{"href":"https:\/\/biocosdz.com\/index.php?rest_route=\/wp\/v2\/types\/product"}],"replies":[{"embeddable":true,"href":"https:\/\/biocosdz.com\/index.php?rest_route=%2Fwp%2Fv2%2Fcomments&post=8612"}],"version-history":[{"count":3,"href":"https:\/\/biocosdz.com\/index.php?rest_route=\/wp\/v2\/product\/8612\/revisions"}],"predecessor-version":[{"id":8921,"href":"https:\/\/biocosdz.com\/index.php?rest_route=\/wp\/v2\/product\/8612\/revisions\/8921"}],"wp:featuredmedia":[{"embeddable":true,"href":"https:\/\/biocosdz.com\/index.php?rest_route=\/wp\/v2\/media\/8537"}],"wp:attachment":[{"href":"https:\/\/biocosdz.com\/index.php?rest_route=%2Fwp%2Fv2%2Fmedia&parent=8612"}],"wp:term":[{"taxonomy":"product_cat","embeddable":true,"href":"https:\/\/biocosdz.com\/index.php?rest_route=%2Fwp%2Fv2%2Fproduct_cat&post=8612"},{"taxonomy":"product_tag","embeddable":true,"href":"https:\/\/biocosdz.com\/index.php?rest_route=%2Fwp%2Fv2%2Fproduct_tag&post=8612"}],"curies":[{"name":"wp","href":"https:\/\/api.w.org\/{rel}","templated":true}]}}