{"id":8606,"date":"2024-10-24T13:16:28","date_gmt":"2024-10-24T13:16:28","guid":{"rendered":"https:\/\/biocosdz.com\/?post_type=product&#038;p=8606"},"modified":"2024-11-03T14:11:04","modified_gmt":"2024-11-03T14:11:04","slug":"gel-intime","status":"publish","type":"product","link":"https:\/\/biocosdz.com\/?product=gel-intime","title":{"rendered":"Gel Intime"},"content":{"rendered":"","protected":false},"excerpt":{"rendered":"<div class=\"product__ref\">SKU-216<\/div>\n<div class=\"product__description\">Nettoie en douceur et calme les irritations et les sensations d\u2019inconfort.<br \/>\nSp\u00e9cialement formul\u00e9 pour les peaux sensibles ou irrit\u00e9es.<\/p>\n<p>Conseils d\u2019utilisation :<\/p>\n<p>Utilisez ce gel intime pendant la douche quotidienne. Appliquez une petite quantit\u00e9 sur la zone g\u00e9nitale externe, faites mousser l\u00e9g\u00e8rement, puis rincez abondamment \u00e0 l&rsquo;eau ti\u00e8de.<br \/>\n\u00c9vitez tout contact avec les yeux. Convient \u00e0 un usage quotidien.<\/p><\/div>\n","protected":false},"featured_media":8529,"comment_status":"open","ping_status":"closed","template":"","meta":[],"product_cat":[47],"product_tag":[],"class_list":{"0":"post-8606","1":"product","2":"type-product","3":"status-publish","4":"has-post-thumbnail","6":"product_cat-cosmetique","7":"description-off","9":"first","10":"instock","11":"sale","12":"shipping-taxable","13":"purchasable","14":"product-type-simple"},"jetpack_sharing_enabled":true,"_links":{"self":[{"href":"https:\/\/biocosdz.com\/index.php?rest_route=\/wp\/v2\/product\/8606","targetHints":{"allow":["GET"]}}],"collection":[{"href":"https:\/\/biocosdz.com\/index.php?rest_route=\/wp\/v2\/product"}],"about":[{"href":"https:\/\/biocosdz.com\/index.php?rest_route=\/wp\/v2\/types\/product"}],"replies":[{"embeddable":true,"href":"https:\/\/biocosdz.com\/index.php?rest_route=%2Fwp%2Fv2%2Fcomments&post=8606"}],"version-history":[{"count":3,"href":"https:\/\/biocosdz.com\/index.php?rest_route=\/wp\/v2\/product\/8606\/revisions"}],"predecessor-version":[{"id":8918,"href":"https:\/\/biocosdz.com\/index.php?rest_route=\/wp\/v2\/product\/8606\/revisions\/8918"}],"wp:featuredmedia":[{"embeddable":true,"href":"https:\/\/biocosdz.com\/index.php?rest_route=\/wp\/v2\/media\/8529"}],"wp:attachment":[{"href":"https:\/\/biocosdz.com\/index.php?rest_route=%2Fwp%2Fv2%2Fmedia&parent=8606"}],"wp:term":[{"taxonomy":"product_cat","embeddable":true,"href":"https:\/\/biocosdz.com\/index.php?rest_route=%2Fwp%2Fv2%2Fproduct_cat&post=8606"},{"taxonomy":"product_tag","embeddable":true,"href":"https:\/\/biocosdz.com\/index.php?rest_route=%2Fwp%2Fv2%2Fproduct_tag&post=8606"}],"curies":[{"name":"wp","href":"https:\/\/api.w.org\/{rel}","templated":true}]}}