{"id":8604,"date":"2024-10-24T13:15:21","date_gmt":"2024-10-24T13:15:21","guid":{"rendered":"https:\/\/biocosdz.com\/?post_type=product&#038;p=8604"},"modified":"2025-06-21T08:02:57","modified_gmt":"2025-06-21T08:02:57","slug":"serum-collagene","status":"publish","type":"product","link":"https:\/\/biocosdz.com\/?product=serum-collagene","title":{"rendered":"Serum Collagene"},"content":{"rendered":"","protected":false},"excerpt":{"rendered":"<div class=\"product__ref\">SKU-209<\/div>\n<div class=\"product__description\">Anti-\u00e2ge Anti-ride<br \/>\nLes s\u00e9rums au collag\u00e8ne ont de nombreux bienfaits pour la peau. Un excellent principe actif anti-vieillissement ayant un effet durable. Formul\u00e9 pour \u00eatre rapidement absorb\u00e9 par la peau, il contient une grande vari\u00e9t\u00e9 d&rsquo;ingr\u00e9dients respectueux de la peau. Ce s\u00e9rum anti-\u00e2ge populaire est formul\u00e9 pour prot\u00e9ger et revitaliser votre peau.<br \/>\nMode d\u2019emploi : Il suffit d&rsquo;appliquer le s\u00e9rum une fois ou deux fois par jour en fonction des besoins de votre peau sur le visage et le cou. Appliquez un hydratant ultimate juste apr\u00e8s ( Cr\u00e9me magique , Creme vitamine e aloe vera ).<br \/>\nLes bienfaits :<br \/>\nLe s\u00e9rum au collag\u00e8ne rend la peau plus saine, am\u00e9liore efficacement la relaxation de la peau, diminue les ridules du visage, r\u00e9duit les rides et restaure la d\u00e9licatesse de la peau. Votre peau para\u00eet plus jeune et conserve son \u00e9lasticit\u00e9 avec un \u00e9clat rayonnant. Ce s\u00e9rum b\u00e9n\u00e9ficie \u00e0 tous les types de peau, peu importe son teint ou sa nature.<\/div>\n","protected":false},"featured_media":8527,"comment_status":"open","ping_status":"closed","template":"","meta":[],"product_cat":[47],"product_tag":[],"class_list":{"0":"post-8604","1":"product","2":"type-product","3":"status-publish","4":"has-post-thumbnail","6":"product_cat-cosmetique","7":"description-off","9":"first","10":"instock","11":"shipping-taxable","12":"purchasable","13":"product-type-simple"},"jetpack_sharing_enabled":true,"_links":{"self":[{"href":"https:\/\/biocosdz.com\/index.php?rest_route=\/wp\/v2\/product\/8604","targetHints":{"allow":["GET"]}}],"collection":[{"href":"https:\/\/biocosdz.com\/index.php?rest_route=\/wp\/v2\/product"}],"about":[{"href":"https:\/\/biocosdz.com\/index.php?rest_route=\/wp\/v2\/types\/product"}],"replies":[{"embeddable":true,"href":"https:\/\/biocosdz.com\/index.php?rest_route=%2Fwp%2Fv2%2Fcomments&post=8604"}],"version-history":[{"count":3,"href":"https:\/\/biocosdz.com\/index.php?rest_route=\/wp\/v2\/product\/8604\/revisions"}],"predecessor-version":[{"id":8917,"href":"https:\/\/biocosdz.com\/index.php?rest_route=\/wp\/v2\/product\/8604\/revisions\/8917"}],"wp:featuredmedia":[{"embeddable":true,"href":"https:\/\/biocosdz.com\/index.php?rest_route=\/wp\/v2\/media\/8527"}],"wp:attachment":[{"href":"https:\/\/biocosdz.com\/index.php?rest_route=%2Fwp%2Fv2%2Fmedia&parent=8604"}],"wp:term":[{"taxonomy":"product_cat","embeddable":true,"href":"https:\/\/biocosdz.com\/index.php?rest_route=%2Fwp%2Fv2%2Fproduct_cat&post=8604"},{"taxonomy":"product_tag","embeddable":true,"href":"https:\/\/biocosdz.com\/index.php?rest_route=%2Fwp%2Fv2%2Fproduct_tag&post=8604"}],"curies":[{"name":"wp","href":"https:\/\/api.w.org\/{rel}","templated":true}]}}