{"id":8602,"date":"2024-10-24T12:19:50","date_gmt":"2024-10-24T12:19:50","guid":{"rendered":"https:\/\/biocosdz.com\/?post_type=product&#038;p=8602"},"modified":"2024-11-03T14:11:03","modified_gmt":"2024-11-03T14:11:03","slug":"savon-huile-dargan","status":"publish","type":"product","link":"https:\/\/biocosdz.com\/?product=savon-huile-dargan","title":{"rendered":"SAVON HUILE D&rsquo;ARGAN"},"content":{"rendered":"","protected":false},"excerpt":{"rendered":"<div class=\"product__ref\">SKU231<\/div>\n<div class=\"product__description\">L&rsquo;huile d&rsquo;argan que nous utilisons pour nos produits est 100 % naturelle. Elle est riche en acides gras essentiels et en vitamine B qui lui conf\u00e8re des bienfaits nourrissants, restructurants et r\u00e9g\u00e9n\u00e9rants. Elle pr\u00e9vient du vieillissement de la peau, redynamise la peau. Elle est un excellent soin pour l&rsquo;\u00e9lasticit\u00e9 de la peau et le renouvellement cellulaire. Pour le visage et le corps. (fel flicha replacer le gel douche avec ce savon )<\/div>\n","protected":false},"featured_media":8531,"comment_status":"open","ping_status":"closed","template":"","meta":[],"product_cat":[47],"product_tag":[],"class_list":{"0":"post-8602","1":"product","2":"type-product","3":"status-publish","4":"has-post-thumbnail","6":"product_cat-cosmetique","7":"description-off","9":"first","10":"instock","11":"sale","12":"shipping-taxable","13":"purchasable","14":"product-type-simple"},"jetpack_sharing_enabled":true,"_links":{"self":[{"href":"https:\/\/biocosdz.com\/index.php?rest_route=\/wp\/v2\/product\/8602","targetHints":{"allow":["GET"]}}],"collection":[{"href":"https:\/\/biocosdz.com\/index.php?rest_route=\/wp\/v2\/product"}],"about":[{"href":"https:\/\/biocosdz.com\/index.php?rest_route=\/wp\/v2\/types\/product"}],"replies":[{"embeddable":true,"href":"https:\/\/biocosdz.com\/index.php?rest_route=%2Fwp%2Fv2%2Fcomments&post=8602"}],"version-history":[{"count":3,"href":"https:\/\/biocosdz.com\/index.php?rest_route=\/wp\/v2\/product\/8602\/revisions"}],"predecessor-version":[{"id":8916,"href":"https:\/\/biocosdz.com\/index.php?rest_route=\/wp\/v2\/product\/8602\/revisions\/8916"}],"wp:featuredmedia":[{"embeddable":true,"href":"https:\/\/biocosdz.com\/index.php?rest_route=\/wp\/v2\/media\/8531"}],"wp:attachment":[{"href":"https:\/\/biocosdz.com\/index.php?rest_route=%2Fwp%2Fv2%2Fmedia&parent=8602"}],"wp:term":[{"taxonomy":"product_cat","embeddable":true,"href":"https:\/\/biocosdz.com\/index.php?rest_route=%2Fwp%2Fv2%2Fproduct_cat&post=8602"},{"taxonomy":"product_tag","embeddable":true,"href":"https:\/\/biocosdz.com\/index.php?rest_route=%2Fwp%2Fv2%2Fproduct_tag&post=8602"}],"curies":[{"name":"wp","href":"https:\/\/api.w.org\/{rel}","templated":true}]}}