{"id":8600,"date":"2024-10-24T12:18:07","date_gmt":"2024-10-24T12:18:07","guid":{"rendered":"https:\/\/biocosdz.com\/?post_type=product&#038;p=8600"},"modified":"2025-06-21T08:04:15","modified_gmt":"2025-06-21T08:04:15","slug":"savon-aloe-vera","status":"publish","type":"product","link":"https:\/\/biocosdz.com\/?product=savon-aloe-vera","title":{"rendered":"SAVON ALOE VERA"},"content":{"rendered":"","protected":false},"excerpt":{"rendered":"<div class=\"product__ref\">SKU232<\/div>\n<div class=\"product__description\">Ayant le pouvoir de stimuler la production de collag\u00e8ne, il sera un bon rem\u00e8de anti-\u00e2ge pour r\u00e9g\u00e9n\u00e9rer la peau et att\u00e9nuer rides et ridules et vergetures et sera utilis\u00e9 pour traiter les imperfections li\u00e9es \u00e0 l&rsquo;\u00e2ge (rides, ridules, pattes d&rsquo;oies, rides du lion etc.).<br \/>\nIl sera \u00e9galement efficace pour r\u00e9duire les imperfections et les rougeurs dues \u00e0 l&rsquo;acn\u00e9. En cas de sur-exposition au soleil, de br\u00fblures ou d&rsquo;ecz\u00e9ma, l&rsquo;Aloe vera apaisera imm\u00e9diatement d\u00e9mangeaisons et sensations d&rsquo;\u00e9chauffement, gr\u00e2ce \u00e0 ses propri\u00e9t\u00e9s anti-inflammatoires et cicatrisantes. Pour le visage et le corps.<\/div>\n","protected":false},"featured_media":8542,"comment_status":"open","ping_status":"closed","template":"","meta":[],"product_cat":[47],"product_tag":[],"class_list":{"0":"post-8600","1":"product","2":"type-product","3":"status-publish","4":"has-post-thumbnail","6":"product_cat-cosmetique","7":"description-off","9":"first","10":"outofstock","11":"sale","12":"shipping-taxable","13":"purchasable","14":"product-type-simple"},"jetpack_sharing_enabled":true,"_links":{"self":[{"href":"https:\/\/biocosdz.com\/index.php?rest_route=\/wp\/v2\/product\/8600","targetHints":{"allow":["GET"]}}],"collection":[{"href":"https:\/\/biocosdz.com\/index.php?rest_route=\/wp\/v2\/product"}],"about":[{"href":"https:\/\/biocosdz.com\/index.php?rest_route=\/wp\/v2\/types\/product"}],"replies":[{"embeddable":true,"href":"https:\/\/biocosdz.com\/index.php?rest_route=%2Fwp%2Fv2%2Fcomments&post=8600"}],"version-history":[{"count":3,"href":"https:\/\/biocosdz.com\/index.php?rest_route=\/wp\/v2\/product\/8600\/revisions"}],"predecessor-version":[{"id":8915,"href":"https:\/\/biocosdz.com\/index.php?rest_route=\/wp\/v2\/product\/8600\/revisions\/8915"}],"wp:featuredmedia":[{"embeddable":true,"href":"https:\/\/biocosdz.com\/index.php?rest_route=\/wp\/v2\/media\/8542"}],"wp:attachment":[{"href":"https:\/\/biocosdz.com\/index.php?rest_route=%2Fwp%2Fv2%2Fmedia&parent=8600"}],"wp:term":[{"taxonomy":"product_cat","embeddable":true,"href":"https:\/\/biocosdz.com\/index.php?rest_route=%2Fwp%2Fv2%2Fproduct_cat&post=8600"},{"taxonomy":"product_tag","embeddable":true,"href":"https:\/\/biocosdz.com\/index.php?rest_route=%2Fwp%2Fv2%2Fproduct_tag&post=8600"}],"curies":[{"name":"wp","href":"https:\/\/api.w.org\/{rel}","templated":true}]}}