{"id":8589,"date":"2024-10-24T10:25:51","date_gmt":"2024-10-24T10:25:51","guid":{"rendered":"https:\/\/biocosdz.com\/?post_type=product&#038;p=8589"},"modified":"2024-11-03T14:11:03","modified_gmt":"2024-11-03T14:11:03","slug":"serum-b5-visage-et-cheveux","status":"publish","type":"product","link":"https:\/\/biocosdz.com\/?product=serum-b5-visage-et-cheveux","title":{"rendered":"Serum B5 Visage Et Cheveux"},"content":{"rendered":"","protected":false},"excerpt":{"rendered":"<div class=\"product__ref\">SKU244<\/div>\n<div class=\"product__description\">d\u00e9velopp\u00e9 pour une action anti-\u00e2ge compl\u00e8te afin de corriger les rides, la perte de volume et d\u2019\u00e9lasticit\u00e9. Il stimule ainsi la luminosit\u00e9 des peaux ternes et fatigu\u00e9es.<br \/>\nainsi qu&rsquo;il r\u00e9pare et fortifie le cheveu de la pointe \u00e0 la racineConseils d\u2019utilisation : Appliquer<br \/>\nr\u00e9guli\u00e8rement le matin et le soir sur<br \/>\ncheveux ou visage et cou<br \/>\nVous pouvez le utiliser sous votre<br \/>\nmaquillage<br \/>\n.Les bientfaits :<br \/>\nR\u00e9g\u00e9n\u00e8re la peau<br \/>\nAFFINE LE GRAIN DE PEAU<br \/>\nHYDRATE Intens\u00e9ment<br \/>\nAide \u00e0 \u00e9liminer les rides<br \/>\nr\u00e9pare et fortifie le cheveux<\/p>\n<p>gaine les cheveux, les rend plus forts, plus brillants<\/p>\n<\/div>\n","protected":false},"featured_media":8541,"comment_status":"open","ping_status":"closed","template":"","meta":[],"product_cat":[47],"product_tag":[],"class_list":{"0":"post-8589","1":"product","2":"type-product","3":"status-publish","4":"has-post-thumbnail","6":"product_cat-cosmetique","7":"description-off","9":"first","10":"instock","11":"sale","12":"shipping-taxable","13":"purchasable","14":"product-type-simple"},"jetpack_sharing_enabled":true,"_links":{"self":[{"href":"https:\/\/biocosdz.com\/index.php?rest_route=\/wp\/v2\/product\/8589","targetHints":{"allow":["GET"]}}],"collection":[{"href":"https:\/\/biocosdz.com\/index.php?rest_route=\/wp\/v2\/product"}],"about":[{"href":"https:\/\/biocosdz.com\/index.php?rest_route=\/wp\/v2\/types\/product"}],"replies":[{"embeddable":true,"href":"https:\/\/biocosdz.com\/index.php?rest_route=%2Fwp%2Fv2%2Fcomments&post=8589"}],"version-history":[{"count":5,"href":"https:\/\/biocosdz.com\/index.php?rest_route=\/wp\/v2\/product\/8589\/revisions"}],"predecessor-version":[{"id":8913,"href":"https:\/\/biocosdz.com\/index.php?rest_route=\/wp\/v2\/product\/8589\/revisions\/8913"}],"wp:featuredmedia":[{"embeddable":true,"href":"https:\/\/biocosdz.com\/index.php?rest_route=\/wp\/v2\/media\/8541"}],"wp:attachment":[{"href":"https:\/\/biocosdz.com\/index.php?rest_route=%2Fwp%2Fv2%2Fmedia&parent=8589"}],"wp:term":[{"taxonomy":"product_cat","embeddable":true,"href":"https:\/\/biocosdz.com\/index.php?rest_route=%2Fwp%2Fv2%2Fproduct_cat&post=8589"},{"taxonomy":"product_tag","embeddable":true,"href":"https:\/\/biocosdz.com\/index.php?rest_route=%2Fwp%2Fv2%2Fproduct_tag&post=8589"}],"curies":[{"name":"wp","href":"https:\/\/api.w.org\/{rel}","templated":true}]}}