{"id":8585,"date":"2024-10-23T14:29:03","date_gmt":"2024-10-23T14:29:03","guid":{"rendered":"https:\/\/biocosdz.com\/?post_type=product&#038;p=8585"},"modified":"2024-12-25T15:02:04","modified_gmt":"2024-12-25T15:02:04","slug":"creme-vitamine-c","status":"publish","type":"product","link":"https:\/\/biocosdz.com\/?product=creme-vitamine-c","title":{"rendered":"Creme Vitamine C"},"content":{"rendered":"","protected":false},"excerpt":{"rendered":"<div class=\"product__ref\">SKU-207<\/div>\n<div class=\"product__description\">\n<p>: une cr\u00e8me surconcentr\u00e9 en Vitamine C et Acide Hyaluronique pour \u00e9nergiser les peaux fatigu\u00e9es, les teints brouill\u00e9s et froiss\u00e9s. La peau est lisse, homog\u00e8ne et lumineuse. Comme on l\u2019aime !<\/p>\n<p>Conseils d\u2019utilisation :<br \/>\nMatin et\/ou soir appliquer sur le visage et le cou.<br \/>\nPour compl\u00e9ter votre routine \u00e0 la Vitamine C, utiliser le serum vitamine c ultimate<\/p>\n<p>Les bientfaits :<br \/>\nNourrit et hydrate, antioxydant, blanchit la peau, rajeunit la peau terne. Estompe les ridules, illumine la peau, hydrate et retient l&rsquo;humidit\u00e9<\/p>\n<\/div>\n","protected":false},"featured_media":8544,"comment_status":"open","ping_status":"closed","template":"","meta":[],"product_cat":[47],"product_tag":[],"class_list":{"0":"post-8585","1":"product","2":"type-product","3":"status-publish","4":"has-post-thumbnail","6":"product_cat-cosmetique","7":"description-off","9":"first","10":"instock","11":"sale","12":"shipping-taxable","13":"purchasable","14":"product-type-simple"},"jetpack_sharing_enabled":true,"_links":{"self":[{"href":"https:\/\/biocosdz.com\/index.php?rest_route=\/wp\/v2\/product\/8585","targetHints":{"allow":["GET"]}}],"collection":[{"href":"https:\/\/biocosdz.com\/index.php?rest_route=\/wp\/v2\/product"}],"about":[{"href":"https:\/\/biocosdz.com\/index.php?rest_route=\/wp\/v2\/types\/product"}],"replies":[{"embeddable":true,"href":"https:\/\/biocosdz.com\/index.php?rest_route=%2Fwp%2Fv2%2Fcomments&post=8585"}],"version-history":[{"count":4,"href":"https:\/\/biocosdz.com\/index.php?rest_route=\/wp\/v2\/product\/8585\/revisions"}],"predecessor-version":[{"id":9205,"href":"https:\/\/biocosdz.com\/index.php?rest_route=\/wp\/v2\/product\/8585\/revisions\/9205"}],"wp:featuredmedia":[{"embeddable":true,"href":"https:\/\/biocosdz.com\/index.php?rest_route=\/wp\/v2\/media\/8544"}],"wp:attachment":[{"href":"https:\/\/biocosdz.com\/index.php?rest_route=%2Fwp%2Fv2%2Fmedia&parent=8585"}],"wp:term":[{"taxonomy":"product_cat","embeddable":true,"href":"https:\/\/biocosdz.com\/index.php?rest_route=%2Fwp%2Fv2%2Fproduct_cat&post=8585"},{"taxonomy":"product_tag","embeddable":true,"href":"https:\/\/biocosdz.com\/index.php?rest_route=%2Fwp%2Fv2%2Fproduct_tag&post=8585"}],"curies":[{"name":"wp","href":"https:\/\/api.w.org\/{rel}","templated":true}]}}