{"id":8583,"date":"2024-10-23T14:28:11","date_gmt":"2024-10-23T14:28:11","guid":{"rendered":"https:\/\/biocosdz.com\/?post_type=product&#038;p=8583"},"modified":"2026-01-29T13:17:19","modified_gmt":"2026-01-29T13:17:19","slug":"ultimate-calm-nuit","status":"publish","type":"product","link":"https:\/\/biocosdz.com\/?product=ultimate-calm-nuit","title":{"rendered":"Ultimate Calm Nuit"},"content":{"rendered":"","protected":false},"excerpt":{"rendered":"<div class=\"product__ref\">SKU215<\/div>\n<div class=\"product__description\">\n<p>Cr\u00e8me Anti-Douleur Musculaire &amp; Articulaire.<\/p>\n<p>Ultimate Calme Nuit est une cr\u00e8me chaude compos\u00e9e d&rsquo;ingr\u00e9dients naturels destin\u00e9e \u00e0 soulager les douleurs articulaires caus\u00e9es par les rhumatismes, l&rsquo;ost\u00e9oporose et la goutte.<br \/>\nElle est \u00e9galement utilis\u00e9e pour les douleurs aigu\u00ebs li\u00e9es \u00e0 des blessures mineures.<\/p>\n<p>Mode d\u2019emploi : Etaler sur la zone douloureuse et masser doucement , il est conseill\u00e9 de chauffer la zone avant de masser.<\/p>\n<\/div>\n","protected":false},"featured_media":9464,"comment_status":"open","ping_status":"closed","template":"","meta":[],"product_cat":[47],"product_tag":[],"class_list":{"0":"post-8583","1":"product","2":"type-product","3":"status-publish","4":"has-post-thumbnail","6":"product_cat-cosmetique","7":"description-off","9":"first","10":"instock","11":"sale","12":"shipping-taxable","13":"purchasable","14":"product-type-simple"},"jetpack_sharing_enabled":true,"_links":{"self":[{"href":"https:\/\/biocosdz.com\/index.php?rest_route=\/wp\/v2\/product\/8583","targetHints":{"allow":["GET"]}}],"collection":[{"href":"https:\/\/biocosdz.com\/index.php?rest_route=\/wp\/v2\/product"}],"about":[{"href":"https:\/\/biocosdz.com\/index.php?rest_route=\/wp\/v2\/types\/product"}],"replies":[{"embeddable":true,"href":"https:\/\/biocosdz.com\/index.php?rest_route=%2Fwp%2Fv2%2Fcomments&post=8583"}],"version-history":[{"count":4,"href":"https:\/\/biocosdz.com\/index.php?rest_route=\/wp\/v2\/product\/8583\/revisions"}],"predecessor-version":[{"id":9465,"href":"https:\/\/biocosdz.com\/index.php?rest_route=\/wp\/v2\/product\/8583\/revisions\/9465"}],"wp:featuredmedia":[{"embeddable":true,"href":"https:\/\/biocosdz.com\/index.php?rest_route=\/wp\/v2\/media\/9464"}],"wp:attachment":[{"href":"https:\/\/biocosdz.com\/index.php?rest_route=%2Fwp%2Fv2%2Fmedia&parent=8583"}],"wp:term":[{"taxonomy":"product_cat","embeddable":true,"href":"https:\/\/biocosdz.com\/index.php?rest_route=%2Fwp%2Fv2%2Fproduct_cat&post=8583"},{"taxonomy":"product_tag","embeddable":true,"href":"https:\/\/biocosdz.com\/index.php?rest_route=%2Fwp%2Fv2%2Fproduct_tag&post=8583"}],"curies":[{"name":"wp","href":"https:\/\/api.w.org\/{rel}","templated":true}]}}