{"id":8581,"date":"2024-10-23T14:27:27","date_gmt":"2024-10-23T14:27:27","guid":{"rendered":"https:\/\/biocosdz.com\/?post_type=product&#038;p=8581"},"modified":"2026-01-29T13:15:39","modified_gmt":"2026-01-29T13:15:39","slug":"ultimate-calm-jour","status":"publish","type":"product","link":"https:\/\/biocosdz.com\/?product=ultimate-calm-jour","title":{"rendered":"Ultimate Calm Jour"},"content":{"rendered":"","protected":false},"excerpt":{"rendered":"<div class=\"product__ref\">SKU214<\/div>\n<div class=\"product__description\">\n<p>Gel Anti-Douleur Musculaire &amp; Articulaire<\/p>\n<p>Ultimate Calm Jour est un gel froid qui soulage la douleur des articulations foul\u00e9es et des muscles endoloris, pr\u00e9venant ainsi l&rsquo;aggravation des dommages caus\u00e9s par l&rsquo;activit\u00e9.<br \/>\nIl peut \u00eatre utilis\u00e9 pour les blessures mineures ce qui vous permet de continuer \u00e0 faire de l&rsquo;exercice ou \u00e0 jouer avec votre famille sans avoir besoin de prendre des analg\u00e9siques.<\/p>\n<p>Mode d\u2019emploi : Etaler sur la zone douloureuse et masser doucement , il est conseill\u00e9 de chauffer la zone avant de masser.<\/p>\n<\/div>\n","protected":false},"featured_media":9462,"comment_status":"open","ping_status":"closed","template":"","meta":[],"product_cat":[47],"product_tag":[],"class_list":{"0":"post-8581","1":"product","2":"type-product","3":"status-publish","4":"has-post-thumbnail","6":"product_cat-cosmetique","7":"description-off","9":"first","10":"instock","11":"sale","12":"shipping-taxable","13":"purchasable","14":"product-type-simple"},"jetpack_sharing_enabled":true,"_links":{"self":[{"href":"https:\/\/biocosdz.com\/index.php?rest_route=\/wp\/v2\/product\/8581","targetHints":{"allow":["GET"]}}],"collection":[{"href":"https:\/\/biocosdz.com\/index.php?rest_route=\/wp\/v2\/product"}],"about":[{"href":"https:\/\/biocosdz.com\/index.php?rest_route=\/wp\/v2\/types\/product"}],"replies":[{"embeddable":true,"href":"https:\/\/biocosdz.com\/index.php?rest_route=%2Fwp%2Fv2%2Fcomments&post=8581"}],"version-history":[{"count":4,"href":"https:\/\/biocosdz.com\/index.php?rest_route=\/wp\/v2\/product\/8581\/revisions"}],"predecessor-version":[{"id":9463,"href":"https:\/\/biocosdz.com\/index.php?rest_route=\/wp\/v2\/product\/8581\/revisions\/9463"}],"wp:featuredmedia":[{"embeddable":true,"href":"https:\/\/biocosdz.com\/index.php?rest_route=\/wp\/v2\/media\/9462"}],"wp:attachment":[{"href":"https:\/\/biocosdz.com\/index.php?rest_route=%2Fwp%2Fv2%2Fmedia&parent=8581"}],"wp:term":[{"taxonomy":"product_cat","embeddable":true,"href":"https:\/\/biocosdz.com\/index.php?rest_route=%2Fwp%2Fv2%2Fproduct_cat&post=8581"},{"taxonomy":"product_tag","embeddable":true,"href":"https:\/\/biocosdz.com\/index.php?rest_route=%2Fwp%2Fv2%2Fproduct_tag&post=8581"}],"curies":[{"name":"wp","href":"https:\/\/api.w.org\/{rel}","templated":true}]}}