{"id":8579,"date":"2024-10-23T14:26:30","date_gmt":"2024-10-23T14:26:30","guid":{"rendered":"https:\/\/biocosdz.com\/?post_type=product&#038;p=8579"},"modified":"2024-11-03T14:11:03","modified_gmt":"2024-11-03T14:11:03","slug":"lotion-anti-chute","status":"publish","type":"product","link":"https:\/\/biocosdz.com\/?product=lotion-anti-chute","title":{"rendered":"Lotion Anti Chute"},"content":{"rendered":"","protected":false},"excerpt":{"rendered":"<div class=\"product__ref\">SKU-228<\/div>\n<div class=\"product__description\">Cette lotion hydrate et renforce les cheveux qui ont tendance \u00e0 tomber et \u00e0 se casser.<br \/>\nL&rsquo;\u00e9quilibre naturel de la formule et les huiles essentielles font bien plus que cibler la zone \u00e0 probl\u00e8me, ils traitent votre cuir chevelu \u00e0 la source.<br \/>\nLe r\u00e9sultat ? Des cheveux plus sains et plus forts, visibles en deux semaines seulement !<\/p>\n<p>Conseils d\u2019utilisation : Appliquer sur cheveux secs ou mouill\u00e9s, sans rin\u00e7age. Destin\u00e9e aux femmes comme aux hommes .<\/p><\/div>\n","protected":false},"featured_media":8545,"comment_status":"open","ping_status":"closed","template":"","meta":[],"product_cat":[47],"product_tag":[],"class_list":{"0":"post-8579","1":"product","2":"type-product","3":"status-publish","4":"has-post-thumbnail","6":"product_cat-cosmetique","7":"description-off","9":"first","10":"instock","11":"sale","12":"shipping-taxable","13":"purchasable","14":"product-type-simple"},"jetpack_sharing_enabled":true,"_links":{"self":[{"href":"https:\/\/biocosdz.com\/index.php?rest_route=\/wp\/v2\/product\/8579","targetHints":{"allow":["GET"]}}],"collection":[{"href":"https:\/\/biocosdz.com\/index.php?rest_route=\/wp\/v2\/product"}],"about":[{"href":"https:\/\/biocosdz.com\/index.php?rest_route=\/wp\/v2\/types\/product"}],"replies":[{"embeddable":true,"href":"https:\/\/biocosdz.com\/index.php?rest_route=%2Fwp%2Fv2%2Fcomments&post=8579"}],"version-history":[{"count":3,"href":"https:\/\/biocosdz.com\/index.php?rest_route=\/wp\/v2\/product\/8579\/revisions"}],"predecessor-version":[{"id":8909,"href":"https:\/\/biocosdz.com\/index.php?rest_route=\/wp\/v2\/product\/8579\/revisions\/8909"}],"wp:featuredmedia":[{"embeddable":true,"href":"https:\/\/biocosdz.com\/index.php?rest_route=\/wp\/v2\/media\/8545"}],"wp:attachment":[{"href":"https:\/\/biocosdz.com\/index.php?rest_route=%2Fwp%2Fv2%2Fmedia&parent=8579"}],"wp:term":[{"taxonomy":"product_cat","embeddable":true,"href":"https:\/\/biocosdz.com\/index.php?rest_route=%2Fwp%2Fv2%2Fproduct_cat&post=8579"},{"taxonomy":"product_tag","embeddable":true,"href":"https:\/\/biocosdz.com\/index.php?rest_route=%2Fwp%2Fv2%2Fproduct_tag&post=8579"}],"curies":[{"name":"wp","href":"https:\/\/api.w.org\/{rel}","templated":true}]}}