{"id":8577,"date":"2024-10-23T14:25:40","date_gmt":"2024-10-23T14:25:40","guid":{"rendered":"https:\/\/biocosdz.com\/?post_type=product&#038;p=8577"},"modified":"2024-11-03T14:11:03","modified_gmt":"2024-11-03T14:11:03","slug":"shampoing-anti-chute","status":"publish","type":"product","link":"https:\/\/biocosdz.com\/?product=shampoing-anti-chute","title":{"rendered":"Shampoing Anti Chute"},"content":{"rendered":"","protected":false},"excerpt":{"rendered":"<div class=\"product__ref\">SKU-227<\/div>\n<div class=\"product__description\">Ce shampoing et apr\u00e8s-shampoing anti-chute de qualit\u00e9 sup\u00e9rieure vous procure une multitude d&rsquo;avantages. En une semaine seulement, il r\u00e9duit la chute des cheveux, apporte brillance et volume, pr\u00e9vient les pointes fourchues et contr\u00f4le l&rsquo;apparition des pellicules. Ce produit est compos\u00e9 d&rsquo;ingr\u00e9dients sains et bio que tout le monde peut utiliser.<\/p>\n<p>Conseils d\u2019utilisation : masser jusqu&rsquo;a l&rsquo;apparition d&rsquo;une mousse dense, laisser reposer quelques minutes avant de rincer.<\/p><\/div>\n","protected":false},"featured_media":8526,"comment_status":"open","ping_status":"closed","template":"","meta":[],"product_cat":[47],"product_tag":[],"class_list":{"0":"post-8577","1":"product","2":"type-product","3":"status-publish","4":"has-post-thumbnail","6":"product_cat-cosmetique","7":"description-off","9":"first","10":"instock","11":"sale","12":"shipping-taxable","13":"purchasable","14":"product-type-simple"},"jetpack_sharing_enabled":true,"_links":{"self":[{"href":"https:\/\/biocosdz.com\/index.php?rest_route=\/wp\/v2\/product\/8577","targetHints":{"allow":["GET"]}}],"collection":[{"href":"https:\/\/biocosdz.com\/index.php?rest_route=\/wp\/v2\/product"}],"about":[{"href":"https:\/\/biocosdz.com\/index.php?rest_route=\/wp\/v2\/types\/product"}],"replies":[{"embeddable":true,"href":"https:\/\/biocosdz.com\/index.php?rest_route=%2Fwp%2Fv2%2Fcomments&post=8577"}],"version-history":[{"count":3,"href":"https:\/\/biocosdz.com\/index.php?rest_route=\/wp\/v2\/product\/8577\/revisions"}],"predecessor-version":[{"id":8908,"href":"https:\/\/biocosdz.com\/index.php?rest_route=\/wp\/v2\/product\/8577\/revisions\/8908"}],"wp:featuredmedia":[{"embeddable":true,"href":"https:\/\/biocosdz.com\/index.php?rest_route=\/wp\/v2\/media\/8526"}],"wp:attachment":[{"href":"https:\/\/biocosdz.com\/index.php?rest_route=%2Fwp%2Fv2%2Fmedia&parent=8577"}],"wp:term":[{"taxonomy":"product_cat","embeddable":true,"href":"https:\/\/biocosdz.com\/index.php?rest_route=%2Fwp%2Fv2%2Fproduct_cat&post=8577"},{"taxonomy":"product_tag","embeddable":true,"href":"https:\/\/biocosdz.com\/index.php?rest_route=%2Fwp%2Fv2%2Fproduct_tag&post=8577"}],"curies":[{"name":"wp","href":"https:\/\/api.w.org\/{rel}","templated":true}]}}