{"id":8573,"date":"2024-10-23T13:58:01","date_gmt":"2024-10-23T13:58:01","guid":{"rendered":"https:\/\/biocosdz.com\/?post_type=product&#038;p=8573"},"modified":"2025-06-04T18:58:11","modified_gmt":"2025-06-04T18:58:11","slug":"serum-aloe-vera","status":"publish","type":"product","link":"https:\/\/biocosdz.com\/?product=serum-aloe-vera","title":{"rendered":"Serum Aloe Vera"},"content":{"rendered":"","protected":false},"excerpt":{"rendered":"<div class=\"product__ref\">SKU210<\/div>\n<div class=\"product__description\">\n<p>Nourrissant Hydratant<\/p>\n<p>Ce s\u00e9rum extraordinaire est dot\u00e9 d&rsquo;une texture riche et onctueuse, \u00e0 l&rsquo;absorption facile et imm\u00e9diate. Sa haute teneur en principes actifs naturels r\u00e9g\u00e9n\u00e8re la peau et lui offre une nouvelle jeunesse. Son application r\u00e9guli\u00e8re r\u00e9duit visiblement les signes du vieillissement, am\u00e9liore l&rsquo;\u00e9lasticit\u00e9 et la fermet\u00e9 de la peau. Vous pouvez avoir la peau plus jeune et saine \u00e0 long terme.<\/p>\n<p>Mode d\u2019emploi : Il suffit d&rsquo;appliquer le s\u00e9rum une fois ou deux fois par jour en fonction des besoins de votre peau sur le visage,cheveux, et le cou. Appliquez un hydratant juste apr\u00e8s.<\/p>\n<p>Les bienfaits :<br \/>\nNourrit et r\u00e9g\u00e9n\u00e8re la peau s\u00e8che et stress\u00e9e en fournissant une hydratation pr\u00e9cieuse et un effet anti-inflammatoire. Les peaux sensibles sont lib\u00e9r\u00e9es de toutes sensations d&rsquo;inconfort, elles retrouvent souplesse et \u00e9clat. Peut refroidir doucement et r\u00e9g\u00e9n\u00e9rer la peau apr\u00e8s le UV soleil en m\u00eame temps soulager les bouffissures et piq\u00fbres d&rsquo;insectes. La vitamine E r\u00e9duit les taches solaires, am\u00e9liore la fermet\u00e9, la brillance et la teinte de la peau, b\u00e9n\u00e9ficie \u00e0 tous les types de peau, peu importe son teint ou sa nature.<\/p>\n<\/div>\n","protected":false},"featured_media":8539,"comment_status":"open","ping_status":"closed","template":"","meta":[],"product_cat":[47],"product_tag":[],"class_list":{"0":"post-8573","1":"product","2":"type-product","3":"status-publish","4":"has-post-thumbnail","6":"product_cat-cosmetique","7":"description-off","9":"first","10":"instock","11":"shipping-taxable","12":"purchasable","13":"product-type-simple"},"jetpack_sharing_enabled":true,"_links":{"self":[{"href":"https:\/\/biocosdz.com\/index.php?rest_route=\/wp\/v2\/product\/8573","targetHints":{"allow":["GET"]}}],"collection":[{"href":"https:\/\/biocosdz.com\/index.php?rest_route=\/wp\/v2\/product"}],"about":[{"href":"https:\/\/biocosdz.com\/index.php?rest_route=\/wp\/v2\/types\/product"}],"replies":[{"embeddable":true,"href":"https:\/\/biocosdz.com\/index.php?rest_route=%2Fwp%2Fv2%2Fcomments&post=8573"}],"version-history":[{"count":4,"href":"https:\/\/biocosdz.com\/index.php?rest_route=\/wp\/v2\/product\/8573\/revisions"}],"predecessor-version":[{"id":9260,"href":"https:\/\/biocosdz.com\/index.php?rest_route=\/wp\/v2\/product\/8573\/revisions\/9260"}],"wp:featuredmedia":[{"embeddable":true,"href":"https:\/\/biocosdz.com\/index.php?rest_route=\/wp\/v2\/media\/8539"}],"wp:attachment":[{"href":"https:\/\/biocosdz.com\/index.php?rest_route=%2Fwp%2Fv2%2Fmedia&parent=8573"}],"wp:term":[{"taxonomy":"product_cat","embeddable":true,"href":"https:\/\/biocosdz.com\/index.php?rest_route=%2Fwp%2Fv2%2Fproduct_cat&post=8573"},{"taxonomy":"product_tag","embeddable":true,"href":"https:\/\/biocosdz.com\/index.php?rest_route=%2Fwp%2Fv2%2Fproduct_tag&post=8573"}],"curies":[{"name":"wp","href":"https:\/\/api.w.org\/{rel}","templated":true}]}}