{"id":8571,"date":"2024-10-23T13:18:49","date_gmt":"2024-10-23T13:18:49","guid":{"rendered":"https:\/\/biocosdz.com\/?post_type=product&#038;p=8571"},"modified":"2025-06-04T18:58:28","modified_gmt":"2025-06-04T18:58:28","slug":"serum-vitamine-c","status":"publish","type":"product","link":"https:\/\/biocosdz.com\/?product=serum-vitamine-c","title":{"rendered":"Serum Vitamine C"},"content":{"rendered":"","protected":false},"excerpt":{"rendered":"<div class=\"product__ref\">SKU208<\/div>\n<div class=\"product__description\">POUR UNE PEAU JEUNE ET RADIEUSE<br \/>\nNotre S\u00e9rum est absorb\u00e9 rapidement par votre peau ; il est compos\u00e9 d&rsquo;ingr\u00e9dients biologiques puissants, incluant 20 % de vitamine C, huile de th\u00e9 vert et de l&rsquo;acide hyaluronique. Cette combinaison naturelle stimule le collag\u00e8ne pour que votre peau retrouve son \u00e9clat de jeunesse.<br \/>\nMode d\u2019emploi : Il suffit d&rsquo;appliquer le s\u00e9rum une fois ou deux fois par jour en fonction des besoins de votre peau sur le visage et le cou. Appliquez un hydratant juste apr\u00e8s.<br \/>\nLes bienfaits :<br \/>\nR\u00e9duit et diminue les imperfections du visage, les rides, les ridules, l&rsquo;hyperpigmentation et les taches caus\u00e9es par l&rsquo;\u00e2ge ou par le soleil ne feront pas le poids face au S\u00e9rum ULTIMATE. Le th\u00e9 vert est charg\u00e9 d&rsquo;antioxydants qui aident \u00e0 combattre l&rsquo;inflammation et les signes de vieillissement. Le th\u00e9 vert est \u00e9galement id\u00e9al pour traiter les peaux grasses et \u00e9liminer l&rsquo;acn\u00e9.<br \/>\nFormul\u00e9 pour fournir une hydratation instantan\u00e9e tout en maximisant la r\u00e9tention de l&rsquo;humidit\u00e9. Ce s\u00e9rum b\u00e9n\u00e9ficie \u00e0 tous les types de peau, peu importe son teint ou sa nature.<\/div>\n","protected":false},"featured_media":8536,"comment_status":"open","ping_status":"closed","template":"","meta":[],"product_cat":[47],"product_tag":[],"class_list":{"0":"post-8571","1":"product","2":"type-product","3":"status-publish","4":"has-post-thumbnail","6":"product_cat-cosmetique","7":"description-off","9":"first","10":"instock","11":"shipping-taxable","12":"purchasable","13":"product-type-simple"},"jetpack_sharing_enabled":true,"_links":{"self":[{"href":"https:\/\/biocosdz.com\/index.php?rest_route=\/wp\/v2\/product\/8571","targetHints":{"allow":["GET"]}}],"collection":[{"href":"https:\/\/biocosdz.com\/index.php?rest_route=\/wp\/v2\/product"}],"about":[{"href":"https:\/\/biocosdz.com\/index.php?rest_route=\/wp\/v2\/types\/product"}],"replies":[{"embeddable":true,"href":"https:\/\/biocosdz.com\/index.php?rest_route=%2Fwp%2Fv2%2Fcomments&post=8571"}],"version-history":[{"count":3,"href":"https:\/\/biocosdz.com\/index.php?rest_route=\/wp\/v2\/product\/8571\/revisions"}],"predecessor-version":[{"id":8905,"href":"https:\/\/biocosdz.com\/index.php?rest_route=\/wp\/v2\/product\/8571\/revisions\/8905"}],"wp:featuredmedia":[{"embeddable":true,"href":"https:\/\/biocosdz.com\/index.php?rest_route=\/wp\/v2\/media\/8536"}],"wp:attachment":[{"href":"https:\/\/biocosdz.com\/index.php?rest_route=%2Fwp%2Fv2%2Fmedia&parent=8571"}],"wp:term":[{"taxonomy":"product_cat","embeddable":true,"href":"https:\/\/biocosdz.com\/index.php?rest_route=%2Fwp%2Fv2%2Fproduct_cat&post=8571"},{"taxonomy":"product_tag","embeddable":true,"href":"https:\/\/biocosdz.com\/index.php?rest_route=%2Fwp%2Fv2%2Fproduct_tag&post=8571"}],"curies":[{"name":"wp","href":"https:\/\/api.w.org\/{rel}","templated":true}]}}