{"id":8569,"date":"2024-10-23T13:17:33","date_gmt":"2024-10-23T13:17:33","guid":{"rendered":"https:\/\/biocosdz.com\/?post_type=product&#038;p=8569"},"modified":"2026-01-29T13:11:48","modified_gmt":"2026-01-29T13:11:48","slug":"coco-white","status":"publish","type":"product","link":"https:\/\/biocosdz.com\/?product=coco-white","title":{"rendered":"COCO WHITE"},"content":{"rendered":"","protected":false},"excerpt":{"rendered":"<div class=\"product__ref\">SKU206<\/div>\n<div class=\"product__description\">En un seul brossage, obtenez un r\u00e9sultat blancheur instantan\u00e9 et naturel avec notre poudre de charbon de noix de coco<br \/>\n\u0628\u0639\u062f \u0623\u0648\u0644 \u0627\u0633\u062a\u0639\u0645\u0627\u0644 \u062a\u0645\u062a\u0639 \u0628\u0628\u064a\u0627\u0636 \u0646\u0627\u0635\u0639 \u0641\u0648\u0631\u064a\u0627 ! \u0645\u0639 \u0627\u0644\u0645\u0646\u062a\u062c \u0627\u0644\u0637\u0628\u064a\u0639\u064a \u0627\u0644\u0645\u0635\u0646\u0648\u0639 \u0645\u0646 \u0641\u062d\u0645 \u062c\u0648\u0632 \u0627\u0644\u0647\u0646\u062f<br \/>\n\u25cf 100% naturel<br \/>\n\u25cf Bien efficace<br \/>\n\u25cf gr\u00e2ce \u00e0 sa capacit\u00e9 d&rsquo;adsorption, le charbon actif capte les particules responsables du jaunissement des dents (caf\u00e9, th\u00e9, tabac, etc)<br \/>\n\u25cf Traitement doux<br \/>\n\u25cf Notre charbon actif ne broie pas les dents et permet de blanchir durablement les dents<br \/>\n\u25cf Sans risque<br \/>\n\u25cf 100 % \u0637\u0628\u064a\u0639\u064a<\/div>\n","protected":false},"featured_media":9459,"comment_status":"open","ping_status":"closed","template":"","meta":[],"product_cat":[47],"product_tag":[],"class_list":{"0":"post-8569","1":"product","2":"type-product","3":"status-publish","4":"has-post-thumbnail","6":"product_cat-cosmetique","7":"description-off","9":"first","10":"instock","11":"sale","12":"shipping-taxable","13":"purchasable","14":"product-type-simple"},"jetpack_sharing_enabled":true,"_links":{"self":[{"href":"https:\/\/biocosdz.com\/index.php?rest_route=\/wp\/v2\/product\/8569","targetHints":{"allow":["GET"]}}],"collection":[{"href":"https:\/\/biocosdz.com\/index.php?rest_route=\/wp\/v2\/product"}],"about":[{"href":"https:\/\/biocosdz.com\/index.php?rest_route=\/wp\/v2\/types\/product"}],"replies":[{"embeddable":true,"href":"https:\/\/biocosdz.com\/index.php?rest_route=%2Fwp%2Fv2%2Fcomments&post=8569"}],"version-history":[{"count":3,"href":"https:\/\/biocosdz.com\/index.php?rest_route=\/wp\/v2\/product\/8569\/revisions"}],"predecessor-version":[{"id":8904,"href":"https:\/\/biocosdz.com\/index.php?rest_route=\/wp\/v2\/product\/8569\/revisions\/8904"}],"wp:featuredmedia":[{"embeddable":true,"href":"https:\/\/biocosdz.com\/index.php?rest_route=\/wp\/v2\/media\/9459"}],"wp:attachment":[{"href":"https:\/\/biocosdz.com\/index.php?rest_route=%2Fwp%2Fv2%2Fmedia&parent=8569"}],"wp:term":[{"taxonomy":"product_cat","embeddable":true,"href":"https:\/\/biocosdz.com\/index.php?rest_route=%2Fwp%2Fv2%2Fproduct_cat&post=8569"},{"taxonomy":"product_tag","embeddable":true,"href":"https:\/\/biocosdz.com\/index.php?rest_route=%2Fwp%2Fv2%2Fproduct_tag&post=8569"}],"curies":[{"name":"wp","href":"https:\/\/api.w.org\/{rel}","templated":true}]}}