{"id":8564,"date":"2024-10-23T13:13:09","date_gmt":"2024-10-23T13:13:09","guid":{"rendered":"https:\/\/biocosdz.com\/?post_type=product&#038;p=8564"},"modified":"2026-01-29T13:08:31","modified_gmt":"2026-01-29T13:08:31","slug":"creme-magique","status":"publish","type":"product","link":"https:\/\/biocosdz.com\/?product=creme-magique","title":{"rendered":"Creme Magique"},"content":{"rendered":"","protected":false},"excerpt":{"rendered":"<div class=\"product__ref\">SKU201<\/div>\n<div><\/div>\n<div class=\"product__description\">\n<p>Hydratation optimale gr\u00e2ce \u00e0 sa formule sp\u00e9ciale compos\u00e9e d&rsquo;un m\u00e9lange d&rsquo;huile d&rsquo;argan et huile d&rsquo;amande douce, elle contribue \u00e0 nourrir la peau et \u00e0 la garder humide. Sa texture l\u00e9g\u00e8re et soyeuse, facilite l\u2019absorption rapide et ne laisse pas une sensation grasse. Aide \u00e0 rafra\u00eechir la peau et \u00e0 lui donner un aspect radieux.<\/p>\n<p>Mode d&rsquo;application: Matin et soir. Appliquez le produit en bonne quantit\u00e9, en particulier dans les zones sensibles et s\u00e8ches. R\u00e9p\u00e9tez l\u2019application dont vous avez besoin.<\/p>\n<\/div>\n","protected":false},"featured_media":9457,"comment_status":"open","ping_status":"closed","template":"","meta":[],"product_cat":[47],"product_tag":[],"class_list":{"0":"post-8564","1":"product","2":"type-product","3":"status-publish","4":"has-post-thumbnail","6":"product_cat-cosmetique","7":"description-off","9":"first","10":"outofstock","11":"sale","12":"shipping-taxable","13":"purchasable","14":"product-type-simple"},"jetpack_sharing_enabled":true,"_links":{"self":[{"href":"https:\/\/biocosdz.com\/index.php?rest_route=\/wp\/v2\/product\/8564","targetHints":{"allow":["GET"]}}],"collection":[{"href":"https:\/\/biocosdz.com\/index.php?rest_route=\/wp\/v2\/product"}],"about":[{"href":"https:\/\/biocosdz.com\/index.php?rest_route=\/wp\/v2\/types\/product"}],"replies":[{"embeddable":true,"href":"https:\/\/biocosdz.com\/index.php?rest_route=%2Fwp%2Fv2%2Fcomments&post=8564"}],"version-history":[{"count":6,"href":"https:\/\/biocosdz.com\/index.php?rest_route=\/wp\/v2\/product\/8564\/revisions"}],"predecessor-version":[{"id":9458,"href":"https:\/\/biocosdz.com\/index.php?rest_route=\/wp\/v2\/product\/8564\/revisions\/9458"}],"wp:featuredmedia":[{"embeddable":true,"href":"https:\/\/biocosdz.com\/index.php?rest_route=\/wp\/v2\/media\/9457"}],"wp:attachment":[{"href":"https:\/\/biocosdz.com\/index.php?rest_route=%2Fwp%2Fv2%2Fmedia&parent=8564"}],"wp:term":[{"taxonomy":"product_cat","embeddable":true,"href":"https:\/\/biocosdz.com\/index.php?rest_route=%2Fwp%2Fv2%2Fproduct_cat&post=8564"},{"taxonomy":"product_tag","embeddable":true,"href":"https:\/\/biocosdz.com\/index.php?rest_route=%2Fwp%2Fv2%2Fproduct_tag&post=8564"}],"curies":[{"name":"wp","href":"https:\/\/api.w.org\/{rel}","templated":true}]}}