{"id":8562,"date":"2024-10-23T13:11:38","date_gmt":"2024-10-23T13:11:38","guid":{"rendered":"https:\/\/biocosdz.com\/?post_type=product&#038;p=8562"},"modified":"2024-11-03T14:11:02","modified_gmt":"2024-11-03T14:11:02","slug":"creme-eclaircissante-anti-rides","status":"publish","type":"product","link":"https:\/\/biocosdz.com\/?product=creme-eclaircissante-anti-rides","title":{"rendered":"Creme Eclaircissante Anti Rides"},"content":{"rendered":"","protected":false},"excerpt":{"rendered":"<div class=\"product__ref\">SKU203<\/div>\n<div class=\"product__description\">C\u2019est une cr\u00e8me de soin anti ride \u00e9claircissante pour le visage, enrichie en huile de s\u00e9same, connue pour ses vertus hydratantes et r\u00e9g\u00e9n\u00e9rantes. Riche en vitamine E qui est reconnue pour prot\u00e9ger efficacement contre les agressions quotidiennes. Gr\u00e2ce \u00e0 sa formule l\u00e9g\u00e8re, elle ne laisse pas de sensation collante.<br \/>\nMode d&rsquo;application: Matin et soir, Appliquez la quantit\u00e9 ad\u00e9quate sur un visage propre et sur la zone du cou. Massez doucement avec un mouvement circulaire.<\/div>\n","protected":false},"featured_media":8547,"comment_status":"open","ping_status":"closed","template":"","meta":[],"product_cat":[47],"product_tag":[],"class_list":{"0":"post-8562","1":"product","2":"type-product","3":"status-publish","4":"has-post-thumbnail","6":"product_cat-cosmetique","7":"description-off","9":"first","10":"instock","11":"sale","12":"shipping-taxable","13":"purchasable","14":"product-type-simple"},"jetpack_sharing_enabled":true,"_links":{"self":[{"href":"https:\/\/biocosdz.com\/index.php?rest_route=\/wp\/v2\/product\/8562","targetHints":{"allow":["GET"]}}],"collection":[{"href":"https:\/\/biocosdz.com\/index.php?rest_route=\/wp\/v2\/product"}],"about":[{"href":"https:\/\/biocosdz.com\/index.php?rest_route=\/wp\/v2\/types\/product"}],"replies":[{"embeddable":true,"href":"https:\/\/biocosdz.com\/index.php?rest_route=%2Fwp%2Fv2%2Fcomments&post=8562"}],"version-history":[{"count":3,"href":"https:\/\/biocosdz.com\/index.php?rest_route=\/wp\/v2\/product\/8562\/revisions"}],"predecessor-version":[{"id":8901,"href":"https:\/\/biocosdz.com\/index.php?rest_route=\/wp\/v2\/product\/8562\/revisions\/8901"}],"wp:featuredmedia":[{"embeddable":true,"href":"https:\/\/biocosdz.com\/index.php?rest_route=\/wp\/v2\/media\/8547"}],"wp:attachment":[{"href":"https:\/\/biocosdz.com\/index.php?rest_route=%2Fwp%2Fv2%2Fmedia&parent=8562"}],"wp:term":[{"taxonomy":"product_cat","embeddable":true,"href":"https:\/\/biocosdz.com\/index.php?rest_route=%2Fwp%2Fv2%2Fproduct_cat&post=8562"},{"taxonomy":"product_tag","embeddable":true,"href":"https:\/\/biocosdz.com\/index.php?rest_route=%2Fwp%2Fv2%2Fproduct_tag&post=8562"}],"curies":[{"name":"wp","href":"https:\/\/api.w.org\/{rel}","templated":true}]}}