{"id":8498,"date":"2024-10-22T09:54:23","date_gmt":"2024-10-22T09:54:23","guid":{"rendered":"https:\/\/biocosdz.com\/?post_type=product&#038;p=8498"},"modified":"2024-11-03T14:11:02","modified_gmt":"2024-11-03T14:11:02","slug":"pack-aphrodisiaque","status":"publish","type":"product","link":"https:\/\/biocosdz.com\/?product=pack-aphrodisiaque","title":{"rendered":"Pack Aphrodisiaque"},"content":{"rendered":"","protected":false},"excerpt":{"rendered":"<div class=\"product__ref\">SKU306<\/div>\n<div class=\"product__description\">*Maca Plus 30 CAPSULES.<\/p>\n<p>La Maca est un outil pr\u00e9cieux pour la sant\u00e9 des hommes ainsi que pour les femmes, gr\u00e2ce \u00e0 sa fameuse maca\u00efne qui agit sur les hormones. Elle peut aider \u00e0 diminuer les sympt\u00f4mes menstruels. sa richesse en nutriments agirait sur la spermatogen\u00e8se dans le cas d&rsquo;une consommation r\u00e9guli\u00e8re.<\/p>\n<p>\u2022 Effets b\u00e9n\u00e9fiques sur la libido\u2009et am\u00e9liore l\u2019activit\u00e9 sexuelle.<br \/>\n\u2022 Aide \u00e0 maintenir l\u2019\u00e9quilibre mental et \u00e9motionnel.<br \/>\n\u2022 Favorise de meilleures performances physiques et mentales.<br \/>\n\u2022 Am\u00e9liore la r\u00e9cup\u00e9ration chez les sportifs.<br \/>\n\u2022 Optimise l\u2019endurance, la vitalit\u00e9 physique et le bien-\u00eatre mental.<br \/>\n\u2022 Am\u00e9liore la vitalit\u00e9 des personnes \u00e2g\u00e9es.<br \/>\n\u2022 Aide \u00e0 lutter contre toutes les formes de stress.<\/p>\n<p>CONSEILS D\u2019UTILISATION : 2 \u00e0 4 g\u00e9lules par jour \u00e0 prendre avec un demi-verre d&rsquo;eau, au moment des repas.<\/p>\n<p>*Ashwagandha 30 capsules.<\/p>\n<p>Notre produit est compos\u00e9e \u00e0 100% de racine Ashwagandha BIO. un compos\u00e9 aux propri\u00e9t\u00e9s extraordinaires pour la sant\u00e9 qui aide \u00e0 :<\/p>\n<p>\u2022 Maintenir des sensations d&rsquo;\u00e9nergie, de vitalit\u00e9 et un bien-\u00eatre physique et mental.<br \/>\n\u2022 Contribue \u00e0 la r\u00e9sistance du corps au stress.<br \/>\n\u2022 Favorise le d\u00e9but du sommeil.<br \/>\n\u2022 Favorise l&rsquo;apprentissage et la m\u00e9moire.<\/p>\n<p>CONSEILS D\u2019UTILISATION : 2 g\u00e9lules par jour, une \u00e0 chaque repas, avec un demi-verre d\u2019eau.<\/p>\n<p>*Gingembre 30 capsules<\/p>\n<p>Le gingembre est une solution naturelle et efficace \u00e0 la baisse de libido, il est reconnu comme plante aphrodisiaque aussi bien chez les hommes que chez les femmes, en stimulant l\u2019app\u00e9tit sexuel et le d\u00e9sir.<\/p>\n<p>\u2022 Aide \u00e0 maintenir l\u2019immunit\u00e9 et poss\u00e8de des propri\u00e9t\u00e9s antioxydantes.<br \/>\n\u2022 Aide \u00e0 supporter la digestion et contribue au bien-\u00eatre physique.<br \/>\n\u2022 Le gingembre est notamment b\u00e9n\u00e9fique pour le c\u0153ur et la fonction cardio-vasculaire gr\u00e2ce \u00e0 ses propri\u00e9t\u00e9s antioxydantes.<\/p>\n<p>CONSEILS D\u2019UTILISATION : 2 g\u00e9lules par jour, une \u00e0 chaque repas, avec un demi-verre d\u2019eau.<\/p><\/div>\n","protected":false},"featured_media":8473,"comment_status":"open","ping_status":"closed","template":"","meta":[],"product_cat":[50],"product_tag":[],"class_list":{"0":"post-8498","1":"product","2":"type-product","3":"status-publish","4":"has-post-thumbnail","6":"product_cat-complement-alimentaire-pack","7":"description-off","9":"first","10":"instock","11":"sale","12":"shipping-taxable","13":"purchasable","14":"product-type-simple"},"jetpack_sharing_enabled":true,"_links":{"self":[{"href":"https:\/\/biocosdz.com\/index.php?rest_route=\/wp\/v2\/product\/8498","targetHints":{"allow":["GET"]}}],"collection":[{"href":"https:\/\/biocosdz.com\/index.php?rest_route=\/wp\/v2\/product"}],"about":[{"href":"https:\/\/biocosdz.com\/index.php?rest_route=\/wp\/v2\/types\/product"}],"replies":[{"embeddable":true,"href":"https:\/\/biocosdz.com\/index.php?rest_route=%2Fwp%2Fv2%2Fcomments&post=8498"}],"version-history":[{"count":3,"href":"https:\/\/biocosdz.com\/index.php?rest_route=\/wp\/v2\/product\/8498\/revisions"}],"predecessor-version":[{"id":8893,"href":"https:\/\/biocosdz.com\/index.php?rest_route=\/wp\/v2\/product\/8498\/revisions\/8893"}],"wp:featuredmedia":[{"embeddable":true,"href":"https:\/\/biocosdz.com\/index.php?rest_route=\/wp\/v2\/media\/8473"}],"wp:attachment":[{"href":"https:\/\/biocosdz.com\/index.php?rest_route=%2Fwp%2Fv2%2Fmedia&parent=8498"}],"wp:term":[{"taxonomy":"product_cat","embeddable":true,"href":"https:\/\/biocosdz.com\/index.php?rest_route=%2Fwp%2Fv2%2Fproduct_cat&post=8498"},{"taxonomy":"product_tag","embeddable":true,"href":"https:\/\/biocosdz.com\/index.php?rest_route=%2Fwp%2Fv2%2Fproduct_tag&post=8498"}],"curies":[{"name":"wp","href":"https:\/\/api.w.org\/{rel}","templated":true}]}}