{"id":8494,"date":"2024-11-03T14:20:11","date_gmt":"2024-11-03T14:20:11","guid":{"rendered":"https:\/\/biocosdz.com\/?post_type=product&#038;p=8494"},"modified":"2025-07-30T12:26:51","modified_gmt":"2025-07-30T12:26:51","slug":"extreme-3wcs-2","status":"publish","type":"product","link":"https:\/\/biocosdz.com\/?product=extreme-3wcs-2","title":{"rendered":"Extreme 3WCS"},"content":{"rendered":"","protected":false},"excerpt":{"rendered":"<div class=\"product__ref\">SKU-192<\/div>\n<div class=\"product__description\">\n<p>Ce pack aide \u00e0 perdre du poids de mani\u00e8re saine et naturelle , le Caf\u00e9 Vert br\u00fble les graisses , la Spiruline Moringa donne de l&rsquo;\u00e9nergie au corps, la Curcumine r\u00e9duit le cholest\u00e9rol et nettoie le corps, le Coupe-Faim agit pour r\u00e9duire l&rsquo;app\u00e9tit avant de manger, le Gel Amincissant cible et r\u00e9duit les graisses rapidement, le Matcha &amp; Moringa aident \u00e0 contr\u00f4ler le poids et am\u00e9liorent le m\u00e9tabolisme, le Weight Control tr\u00e8s efficace pour stabiliser le poids et garder votre ligne.<\/p>\n<p>Conseils pour le programme de 3 semaines :<br \/>\n&#8211; Pratiquer le sport quotidiennement ou marcher 45 \u00e0 60 minutes par jour.<br \/>\n&#8211; \u00c9vitez de dormir plus de 8 heures par jour.<br \/>\n&#8211; Essayez de maintenir un r\u00e9gime alimentaire \u00e9quilibr\u00e9e ( environ 1500 calories par jours )<br \/>\n&#8211; Respectez le programme pendant les 3 semaines.<br \/>\n&#8211; Buvez 2 litres d&rsquo;eau par jour.<\/p>\n<\/div>\n","protected":false},"featured_media":8496,"comment_status":"open","ping_status":"closed","template":"","meta":[],"product_cat":[50],"product_tag":[],"class_list":{"0":"post-8494","1":"product","2":"type-product","3":"status-publish","4":"has-post-thumbnail","6":"product_cat-complement-alimentaire-pack","7":"description-off","9":"first","10":"instock","11":"shipping-taxable","12":"purchasable","13":"product-type-simple"},"jetpack_sharing_enabled":true,"_links":{"self":[{"href":"https:\/\/biocosdz.com\/index.php?rest_route=\/wp\/v2\/product\/8494","targetHints":{"allow":["GET"]}}],"collection":[{"href":"https:\/\/biocosdz.com\/index.php?rest_route=\/wp\/v2\/product"}],"about":[{"href":"https:\/\/biocosdz.com\/index.php?rest_route=\/wp\/v2\/types\/product"}],"replies":[{"embeddable":true,"href":"https:\/\/biocosdz.com\/index.php?rest_route=%2Fwp%2Fv2%2Fcomments&post=8494"}],"version-history":[{"count":4,"href":"https:\/\/biocosdz.com\/index.php?rest_route=\/wp\/v2\/product\/8494\/revisions"}],"predecessor-version":[{"id":8956,"href":"https:\/\/biocosdz.com\/index.php?rest_route=\/wp\/v2\/product\/8494\/revisions\/8956"}],"wp:featuredmedia":[{"embeddable":true,"href":"https:\/\/biocosdz.com\/index.php?rest_route=\/wp\/v2\/media\/8496"}],"wp:attachment":[{"href":"https:\/\/biocosdz.com\/index.php?rest_route=%2Fwp%2Fv2%2Fmedia&parent=8494"}],"wp:term":[{"taxonomy":"product_cat","embeddable":true,"href":"https:\/\/biocosdz.com\/index.php?rest_route=%2Fwp%2Fv2%2Fproduct_cat&post=8494"},{"taxonomy":"product_tag","embeddable":true,"href":"https:\/\/biocosdz.com\/index.php?rest_route=%2Fwp%2Fv2%2Fproduct_tag&post=8494"}],"curies":[{"name":"wp","href":"https:\/\/api.w.org\/{rel}","templated":true}]}}