{"id":8492,"date":"2024-10-22T09:28:42","date_gmt":"2024-10-22T09:28:42","guid":{"rendered":"https:\/\/biocosdz.com\/?post_type=product&#038;p=8492"},"modified":"2025-07-30T12:31:52","modified_gmt":"2025-07-30T12:31:52","slug":"pack-confort","status":"publish","type":"product","link":"https:\/\/biocosdz.com\/?product=pack-confort","title":{"rendered":"Pack Confort"},"content":{"rendered":"","protected":false},"excerpt":{"rendered":"<div class=\"product__ref\">SKU318<\/div>\n<div class=\"product__description\">\u2022 Contribuent \u00e0 diminuer les ballonnements et les flatulences ainsi qu&rsquo;\u00e0 un meilleur confort digestif.<br \/>\n\u2022 Favorise le bon fonctionnement du colon.<br \/>\n\u2022 Lutte contre les ballonnements, gaz , sensations de lourdeurs.<br \/>\n\u2022 Faciliter la digestion et apaiser la sph\u00e8re digestive.<br \/>\n\u2022 L&rsquo;anis vert est utilis\u00e9 comme stimulant digestif.<br \/>\n\u2022 Purifie et d\u00e9toxifie l&rsquo;organisme .<br \/>\n\u2022 Calme la diarrh\u00e9e, la gastro-ent\u00e9rite et la constipation .<br \/>\n\u2022 Soulage les troubles digestifs : br\u00fblures d&rsquo;estomac, flatulences, ballonnements, \u00e9ructations, c\u00f4lon irritable .<br \/>\n\u2022 Abaisse le cholest\u00e9rol et les triglyc\u00e9rides sanguins .<br \/>\n\u2022 Supprime la mauvaise haleine .<\/div>\n","protected":false},"featured_media":8476,"comment_status":"open","ping_status":"closed","template":"","meta":[],"product_cat":[50],"product_tag":[],"class_list":{"0":"post-8492","1":"product","2":"type-product","3":"status-publish","4":"has-post-thumbnail","6":"product_cat-complement-alimentaire-pack","7":"description-off","9":"first","10":"instock","11":"shipping-taxable","12":"purchasable","13":"product-type-simple"},"jetpack_sharing_enabled":true,"_links":{"self":[{"href":"https:\/\/biocosdz.com\/index.php?rest_route=\/wp\/v2\/product\/8492","targetHints":{"allow":["GET"]}}],"collection":[{"href":"https:\/\/biocosdz.com\/index.php?rest_route=\/wp\/v2\/product"}],"about":[{"href":"https:\/\/biocosdz.com\/index.php?rest_route=\/wp\/v2\/types\/product"}],"replies":[{"embeddable":true,"href":"https:\/\/biocosdz.com\/index.php?rest_route=%2Fwp%2Fv2%2Fcomments&post=8492"}],"version-history":[{"count":3,"href":"https:\/\/biocosdz.com\/index.php?rest_route=\/wp\/v2\/product\/8492\/revisions"}],"predecessor-version":[{"id":8891,"href":"https:\/\/biocosdz.com\/index.php?rest_route=\/wp\/v2\/product\/8492\/revisions\/8891"}],"wp:featuredmedia":[{"embeddable":true,"href":"https:\/\/biocosdz.com\/index.php?rest_route=\/wp\/v2\/media\/8476"}],"wp:attachment":[{"href":"https:\/\/biocosdz.com\/index.php?rest_route=%2Fwp%2Fv2%2Fmedia&parent=8492"}],"wp:term":[{"taxonomy":"product_cat","embeddable":true,"href":"https:\/\/biocosdz.com\/index.php?rest_route=%2Fwp%2Fv2%2Fproduct_cat&post=8492"},{"taxonomy":"product_tag","embeddable":true,"href":"https:\/\/biocosdz.com\/index.php?rest_route=%2Fwp%2Fv2%2Fproduct_tag&post=8492"}],"curies":[{"name":"wp","href":"https:\/\/api.w.org\/{rel}","templated":true}]}}