{"id":8490,"date":"2024-10-22T09:27:14","date_gmt":"2024-10-22T09:27:14","guid":{"rendered":"https:\/\/biocosdz.com\/?post_type=product&#038;p=8490"},"modified":"2026-01-29T12:22:55","modified_gmt":"2026-01-29T12:22:55","slug":"weight-control-pack","status":"publish","type":"product","link":"https:\/\/biocosdz.com\/?product=weight-control-pack","title":{"rendered":"Weight Control Pack"},"content":{"rendered":"","protected":false},"excerpt":{"rendered":"<div class=\"product__ref\">\n<div class=\"product__ref\">SKU-5004<\/div>\n<div class=\"product__description\">Weight Control Day est une tisane tr\u00e8s efficace pour stabiliser le poids et garder votre ligne<br \/>\nGrace \u00e0 son m\u00e9lange soigneusement \u00e9labor\u00e9 \u00e0 base de th\u00e9 vert pour aider le m\u00e9tabolisme a bruler les graisse et surtout \u00e0 stabiliser le poids du corps.<\/p>\n<p>Ajoutez \u00e0 cela le Weight Control Night qui est compos\u00e9 principalement d\u2019hibiscus et d\u2019autre ingr\u00e9dient naturel qui aide le corps \u00e0 ce stabiliser et garder un poids id\u00e9ale et aussi diminuer le stresse pour avoir une nuit paisible et reposante.<\/p>\n<p>Conseils d\u2019utilisation :<br \/>\nMettre une dose de 3g (cuill\u00e8re \u00e0 caf\u00e9) dans une tasse d&rsquo;eau chaude, Utiliser le Weight Control Day la journ\u00e9e avant et apr\u00e8s le d\u00e9jeuner, et le Weight Control Night le soir avant le d\u00eener et juste avant le coucher, de pr\u00e9f\u00e9rence non sucr\u00e9es.<\/p><\/div>\n<\/div>\n","protected":false},"featured_media":9451,"comment_status":"open","ping_status":"closed","template":"","meta":[],"product_cat":[50],"product_tag":[],"class_list":{"0":"post-8490","1":"product","2":"type-product","3":"status-publish","4":"has-post-thumbnail","6":"product_cat-complement-alimentaire-pack","7":"description-off","9":"first","10":"instock","11":"shipping-taxable","12":"purchasable","13":"product-type-simple"},"jetpack_sharing_enabled":true,"_links":{"self":[{"href":"https:\/\/biocosdz.com\/index.php?rest_route=\/wp\/v2\/product\/8490","targetHints":{"allow":["GET"]}}],"collection":[{"href":"https:\/\/biocosdz.com\/index.php?rest_route=\/wp\/v2\/product"}],"about":[{"href":"https:\/\/biocosdz.com\/index.php?rest_route=\/wp\/v2\/types\/product"}],"replies":[{"embeddable":true,"href":"https:\/\/biocosdz.com\/index.php?rest_route=%2Fwp%2Fv2%2Fcomments&post=8490"}],"version-history":[{"count":5,"href":"https:\/\/biocosdz.com\/index.php?rest_route=\/wp\/v2\/product\/8490\/revisions"}],"predecessor-version":[{"id":9452,"href":"https:\/\/biocosdz.com\/index.php?rest_route=\/wp\/v2\/product\/8490\/revisions\/9452"}],"wp:featuredmedia":[{"embeddable":true,"href":"https:\/\/biocosdz.com\/index.php?rest_route=\/wp\/v2\/media\/9451"}],"wp:attachment":[{"href":"https:\/\/biocosdz.com\/index.php?rest_route=%2Fwp%2Fv2%2Fmedia&parent=8490"}],"wp:term":[{"taxonomy":"product_cat","embeddable":true,"href":"https:\/\/biocosdz.com\/index.php?rest_route=%2Fwp%2Fv2%2Fproduct_cat&post=8490"},{"taxonomy":"product_tag","embeddable":true,"href":"https:\/\/biocosdz.com\/index.php?rest_route=%2Fwp%2Fv2%2Fproduct_tag&post=8490"}],"curies":[{"name":"wp","href":"https:\/\/api.w.org\/{rel}","templated":true}]}}