{"id":8487,"date":"2024-10-22T09:26:26","date_gmt":"2024-10-22T09:26:26","guid":{"rendered":"https:\/\/biocosdz.com\/?post_type=product&#038;p=8487"},"modified":"2024-11-03T14:11:01","modified_gmt":"2024-11-03T14:11:01","slug":"supreme-3wcs","status":"publish","type":"product","link":"https:\/\/biocosdz.com\/?product=supreme-3wcs","title":{"rendered":"Supreme 3WCS"},"content":{"rendered":"","protected":false},"excerpt":{"rendered":"<div class=\"product__ref\">SKU035<\/div>\n<div class=\"product__description\">Ce pack aide \u00e0 perdre du poids de mani\u00e8re saine et naturelle , le Caf\u00e9 Vert br\u00fble les graisses , la Spiruline Moringa donne de l&rsquo;\u00e9nergie au corps, la Curcumine r\u00e9duit le cholest\u00e9rol et nettoie le corps, le Coupe-Faim agit pour r\u00e9duire l&rsquo;app\u00e9tit avant de manger, le Gel Amincissant cible et r\u00e9duit les graisses rapidement, le Matcha &amp; Moringa aident \u00e0 contr\u00f4ler le poids et am\u00e9liorent le m\u00e9tabolisme.<\/p>\n<p>Conseils pour le programme de 3 semaines :<br \/>\n&#8211; Pratiquer le sport quotidiennement ou marcher 45 \u00e0 60 minutes par jour.<br \/>\n&#8211; \u00c9vitez de dormir plus de 8 heures par jour.<br \/>\n&#8211; Essayez de maintenir un r\u00e9gime alimentaire \u00e9quilibr\u00e9e ( environ 1500 calories par jours )<br \/>\n&#8211; Respectez le programme pendant les 3 semaines.<br \/>\n&#8211; Buvez 2 litres d&rsquo;eau par jour.<\/p><\/div>\n","protected":false},"featured_media":8488,"comment_status":"open","ping_status":"closed","template":"","meta":[],"product_cat":[50],"product_tag":[],"class_list":{"0":"post-8487","1":"product","2":"type-product","3":"status-publish","4":"has-post-thumbnail","6":"product_cat-complement-alimentaire-pack","7":"description-off","9":"first","10":"instock","11":"sale","12":"shipping-taxable","13":"purchasable","14":"product-type-simple"},"jetpack_sharing_enabled":true,"_links":{"self":[{"href":"https:\/\/biocosdz.com\/index.php?rest_route=\/wp\/v2\/product\/8487","targetHints":{"allow":["GET"]}}],"collection":[{"href":"https:\/\/biocosdz.com\/index.php?rest_route=\/wp\/v2\/product"}],"about":[{"href":"https:\/\/biocosdz.com\/index.php?rest_route=\/wp\/v2\/types\/product"}],"replies":[{"embeddable":true,"href":"https:\/\/biocosdz.com\/index.php?rest_route=%2Fwp%2Fv2%2Fcomments&post=8487"}],"version-history":[{"count":3,"href":"https:\/\/biocosdz.com\/index.php?rest_route=\/wp\/v2\/product\/8487\/revisions"}],"predecessor-version":[{"id":8889,"href":"https:\/\/biocosdz.com\/index.php?rest_route=\/wp\/v2\/product\/8487\/revisions\/8889"}],"wp:featuredmedia":[{"embeddable":true,"href":"https:\/\/biocosdz.com\/index.php?rest_route=\/wp\/v2\/media\/8488"}],"wp:attachment":[{"href":"https:\/\/biocosdz.com\/index.php?rest_route=%2Fwp%2Fv2%2Fmedia&parent=8487"}],"wp:term":[{"taxonomy":"product_cat","embeddable":true,"href":"https:\/\/biocosdz.com\/index.php?rest_route=%2Fwp%2Fv2%2Fproduct_cat&post=8487"},{"taxonomy":"product_tag","embeddable":true,"href":"https:\/\/biocosdz.com\/index.php?rest_route=%2Fwp%2Fv2%2Fproduct_tag&post=8487"}],"curies":[{"name":"wp","href":"https:\/\/api.w.org\/{rel}","templated":true}]}}