{"id":8467,"date":"2024-10-22T09:17:47","date_gmt":"2024-10-22T09:17:47","guid":{"rendered":"https:\/\/biocosdz.com\/?post_type=product&#038;p=8467"},"modified":"2026-01-29T12:19:52","modified_gmt":"2026-01-29T12:19:52","slug":"pack-immunite-boost","status":"publish","type":"product","link":"https:\/\/biocosdz.com\/?product=pack-immunite-boost","title":{"rendered":"Pack Immunit\u00e9 Boost"},"content":{"rendered":"","protected":false},"excerpt":{"rendered":"<div class=\"product__ref\">\n<div class=\"product__ref\">SKU-5000<\/div>\n<div class=\"product__description\">Le produit Immunit\u00e9 Boost renforce le syst\u00e8me immunitaire g\u00e9n\u00e9ral et le syst\u00e8me respiratoire. La curcumine agit \u00e9galement pour nettoyer le corps des toxines. La spiruline Moringa fournit au corps plusieurs vitamines, telles que la vitamine C, B1, B2, B6 et d&rsquo;autres. Ce package est fort et ef\ufb01cace contre les revers de sant\u00e9<\/div>\n<\/div>\n","protected":false},"featured_media":9447,"comment_status":"open","ping_status":"closed","template":"","meta":[],"product_cat":[50],"product_tag":[],"class_list":{"0":"post-8467","1":"product","2":"type-product","3":"status-publish","4":"has-post-thumbnail","6":"product_cat-complement-alimentaire-pack","7":"description-off","9":"first","10":"instock","11":"shipping-taxable","12":"purchasable","13":"product-type-simple"},"jetpack_sharing_enabled":true,"_links":{"self":[{"href":"https:\/\/biocosdz.com\/index.php?rest_route=\/wp\/v2\/product\/8467","targetHints":{"allow":["GET"]}}],"collection":[{"href":"https:\/\/biocosdz.com\/index.php?rest_route=\/wp\/v2\/product"}],"about":[{"href":"https:\/\/biocosdz.com\/index.php?rest_route=\/wp\/v2\/types\/product"}],"replies":[{"embeddable":true,"href":"https:\/\/biocosdz.com\/index.php?rest_route=%2Fwp%2Fv2%2Fcomments&post=8467"}],"version-history":[{"count":4,"href":"https:\/\/biocosdz.com\/index.php?rest_route=\/wp\/v2\/product\/8467\/revisions"}],"predecessor-version":[{"id":9448,"href":"https:\/\/biocosdz.com\/index.php?rest_route=\/wp\/v2\/product\/8467\/revisions\/9448"}],"wp:featuredmedia":[{"embeddable":true,"href":"https:\/\/biocosdz.com\/index.php?rest_route=\/wp\/v2\/media\/9447"}],"wp:attachment":[{"href":"https:\/\/biocosdz.com\/index.php?rest_route=%2Fwp%2Fv2%2Fmedia&parent=8467"}],"wp:term":[{"taxonomy":"product_cat","embeddable":true,"href":"https:\/\/biocosdz.com\/index.php?rest_route=%2Fwp%2Fv2%2Fproduct_cat&post=8467"},{"taxonomy":"product_tag","embeddable":true,"href":"https:\/\/biocosdz.com\/index.php?rest_route=%2Fwp%2Fv2%2Fproduct_tag&post=8467"}],"curies":[{"name":"wp","href":"https:\/\/api.w.org\/{rel}","templated":true}]}}