{"id":8460,"date":"2024-10-21T19:45:03","date_gmt":"2024-10-21T19:45:03","guid":{"rendered":"https:\/\/biocosdz.com\/?post_type=product&#038;p=8460"},"modified":"2025-06-21T11:15:38","modified_gmt":"2025-06-21T11:15:38","slug":"gingembre","status":"publish","type":"product","link":"https:\/\/biocosdz.com\/?product=gingembre","title":{"rendered":"Gingembre"},"content":{"rendered":"","protected":false},"excerpt":{"rendered":"<div class=\"product__ref\">SKU037<\/div>\n<div class=\"product__description\">\n<p>Gingembre 30 capsules<\/p>\n<p>Le gingembre est une solution naturelle et efficace \u00e0 la baisse de libido, il est reconnu comme plante aphrodisiaque aussi bien chez les hommes que chez les femmes, en stimulant l\u2019app\u00e9tit sexuel et le d\u00e9sir.<\/p>\n<p>\u2022 Aide \u00e0 maintenir l\u2019immunit\u00e9 et poss\u00e8de des propri\u00e9t\u00e9s antioxydantes.<br \/>\n\u2022 Aide \u00e0 supporter la digestion et contribue au bien-\u00eatre physique.<br \/>\n\u2022 Le gingembre est notamment b\u00e9n\u00e9fique pour le c\u0153ur et la fonction cardio-vasculaire gr\u00e2ce \u00e0 ses propri\u00e9t\u00e9s antioxydantes.<\/p>\n<p>CONSEILS D\u2019UTILISATION : 2 g\u00e9lules par jour, une \u00e0 chaque repas, avec un demi-verre d\u2019eau.<\/p>\n<\/div>\n","protected":false},"featured_media":8390,"comment_status":"open","ping_status":"closed","template":"","meta":[],"product_cat":[46],"product_tag":[],"class_list":{"0":"post-8460","1":"product","2":"type-product","3":"status-publish","4":"has-post-thumbnail","6":"product_cat-complement-alimentaire","7":"description-off","9":"first","10":"instock","11":"shipping-taxable","12":"purchasable","13":"product-type-simple"},"jetpack_sharing_enabled":true,"_links":{"self":[{"href":"https:\/\/biocosdz.com\/index.php?rest_route=\/wp\/v2\/product\/8460","targetHints":{"allow":["GET"]}}],"collection":[{"href":"https:\/\/biocosdz.com\/index.php?rest_route=\/wp\/v2\/product"}],"about":[{"href":"https:\/\/biocosdz.com\/index.php?rest_route=\/wp\/v2\/types\/product"}],"replies":[{"embeddable":true,"href":"https:\/\/biocosdz.com\/index.php?rest_route=%2Fwp%2Fv2%2Fcomments&post=8460"}],"version-history":[{"count":5,"href":"https:\/\/biocosdz.com\/index.php?rest_route=\/wp\/v2\/product\/8460\/revisions"}],"predecessor-version":[{"id":9323,"href":"https:\/\/biocosdz.com\/index.php?rest_route=\/wp\/v2\/product\/8460\/revisions\/9323"}],"wp:featuredmedia":[{"embeddable":true,"href":"https:\/\/biocosdz.com\/index.php?rest_route=\/wp\/v2\/media\/8390"}],"wp:attachment":[{"href":"https:\/\/biocosdz.com\/index.php?rest_route=%2Fwp%2Fv2%2Fmedia&parent=8460"}],"wp:term":[{"taxonomy":"product_cat","embeddable":true,"href":"https:\/\/biocosdz.com\/index.php?rest_route=%2Fwp%2Fv2%2Fproduct_cat&post=8460"},{"taxonomy":"product_tag","embeddable":true,"href":"https:\/\/biocosdz.com\/index.php?rest_route=%2Fwp%2Fv2%2Fproduct_tag&post=8460"}],"curies":[{"name":"wp","href":"https:\/\/api.w.org\/{rel}","templated":true}]}}