{"id":8456,"date":"2024-10-21T19:43:02","date_gmt":"2024-10-21T19:43:02","guid":{"rendered":"https:\/\/biocosdz.com\/?post_type=product&#038;p=8456"},"modified":"2024-11-03T14:11:01","modified_gmt":"2024-11-03T14:11:01","slug":"cambogia-garcinia","status":"publish","type":"product","link":"https:\/\/biocosdz.com\/?product=cambogia-garcinia","title":{"rendered":"Cambogia Garcinia"},"content":{"rendered":"","protected":false},"excerpt":{"rendered":"<div class=\"product__ref\">029<\/div>\n<div class=\"product__description\">La cro\u00fbte contient un produit chimique appel\u00e9 acide hydroxycitrique (HCA), qui a \u00e9t\u00e9 \u00e9tudi\u00e9 pour son effet sur l&rsquo;app\u00e9tit et aussi pour la perte de poids. Le Garcinia cambogia a \u00e9galement \u00e9t\u00e9 promu pour soulager les douleurs articulaires et les sympt\u00f4mes digestifs et pour am\u00e9liorer les performances sportives.<\/div>\n","protected":false},"featured_media":8388,"comment_status":"open","ping_status":"closed","template":"","meta":[],"product_cat":[46],"product_tag":[],"class_list":{"0":"post-8456","1":"product","2":"type-product","3":"status-publish","4":"has-post-thumbnail","6":"product_cat-complement-alimentaire","7":"description-off","9":"first","10":"instock","11":"sale","12":"shipping-taxable","13":"purchasable","14":"product-type-simple"},"jetpack_sharing_enabled":true,"_links":{"self":[{"href":"https:\/\/biocosdz.com\/index.php?rest_route=\/wp\/v2\/product\/8456","targetHints":{"allow":["GET"]}}],"collection":[{"href":"https:\/\/biocosdz.com\/index.php?rest_route=\/wp\/v2\/product"}],"about":[{"href":"https:\/\/biocosdz.com\/index.php?rest_route=\/wp\/v2\/types\/product"}],"replies":[{"embeddable":true,"href":"https:\/\/biocosdz.com\/index.php?rest_route=%2Fwp%2Fv2%2Fcomments&post=8456"}],"version-history":[{"count":3,"href":"https:\/\/biocosdz.com\/index.php?rest_route=\/wp\/v2\/product\/8456\/revisions"}],"predecessor-version":[{"id":8882,"href":"https:\/\/biocosdz.com\/index.php?rest_route=\/wp\/v2\/product\/8456\/revisions\/8882"}],"wp:featuredmedia":[{"embeddable":true,"href":"https:\/\/biocosdz.com\/index.php?rest_route=\/wp\/v2\/media\/8388"}],"wp:attachment":[{"href":"https:\/\/biocosdz.com\/index.php?rest_route=%2Fwp%2Fv2%2Fmedia&parent=8456"}],"wp:term":[{"taxonomy":"product_cat","embeddable":true,"href":"https:\/\/biocosdz.com\/index.php?rest_route=%2Fwp%2Fv2%2Fproduct_cat&post=8456"},{"taxonomy":"product_tag","embeddable":true,"href":"https:\/\/biocosdz.com\/index.php?rest_route=%2Fwp%2Fv2%2Fproduct_tag&post=8456"}],"curies":[{"name":"wp","href":"https:\/\/api.w.org\/{rel}","templated":true}]}}