{"id":8454,"date":"2024-10-21T19:41:58","date_gmt":"2024-10-21T19:41:58","guid":{"rendered":"https:\/\/biocosdz.com\/?post_type=product&#038;p=8454"},"modified":"2025-06-21T11:13:29","modified_gmt":"2025-06-21T11:13:29","slug":"maca-plus-60-capsules","status":"publish","type":"product","link":"https:\/\/biocosdz.com\/?product=maca-plus-60-capsules","title":{"rendered":"Maca Plus 60 CAPSULES"},"content":{"rendered":"","protected":false},"excerpt":{"rendered":"<div class=\"product__ref\">SKU-003<\/div>\n<div class=\"product__description\">Maca Gingembre Ginseng ,3 plantes aux vertus reconnues<br \/>\nMaintenir la performance et stimuler le d\u00e9sir sexuel, la vitalit\u00e9 et l\u2019\u00e9nergie.Le maca, plante sacr\u00e9e des Incas et des Indiens, \u00e9tait au d\u00e9part utilis\u00e9 en Am\u00e9rique du Sud de diverses fa\u00e7ons, en tant qu\u2019aliment, mais aussi pour ses propri\u00e9t\u00e9s. Et notamment pour son influence sur la fertilit\u00e9. C\u2019est d\u2019ailleurs principalement au P\u00e9rou que la culture du maca est la plus intense, sur les hauts plateaux de la cordill\u00e8re des Andes, \u00e0 une tr\u00e8s haute altitude.<br \/>\nLa maca est un outil pr\u00e9cieux pour la sant\u00e9 des femmes, gr\u00e2ce \u00e0 sa fameuse maca\u00efne qui agit sur les hormones. Elle peut aider \u00e0 diminuer les sympt\u00f4mes menstruels. sa richesse en nutriments agirait sur la spermatogen\u00e8se dans le cas d&rsquo;une consommation r\u00e9guli\u00e8re.\u2022 Effets b\u00e9n\u00e9fiques sur la libido\u2009et am\u00e9liore l\u2019activit\u00e9 sexuelle<br \/>\n\u2022 Aide \u00e0 maintenir l\u2019\u00e9quilibre mental et \u00e9motionnel.<br \/>\n\u2022 Favorise de meilleures performances physiques et mentales.<br \/>\n\u2022 Am\u00e9liore la r\u00e9cup\u00e9ration chez les sportifs.<br \/>\n\u2022 Optimise l\u2019endurance, la vitalit\u00e9 physique et le bien-\u00eatre mental.<br \/>\n\u2022 Am\u00e9liore la vitalit\u00e9 des personnes \u00e2g\u00e9es.<br \/>\n\u2022 Aide \u00e0 lutter contre toutes les formes de stress.<\/p>\n<p>CONSEILS D\u2019UTILISATION : 2 \u00e0 4 g\u00e9lules par jour en deux prises \u00e0 prendre avec un demi-verre d&rsquo;eau, au moment des repas.<\/p>\n<\/div>\n","protected":false},"featured_media":8391,"comment_status":"open","ping_status":"closed","template":"","meta":[],"product_cat":[46],"product_tag":[],"class_list":{"0":"post-8454","1":"product","2":"type-product","3":"status-publish","4":"has-post-thumbnail","6":"product_cat-complement-alimentaire","7":"description-off","9":"first","10":"instock","11":"sale","12":"shipping-taxable","13":"purchasable","14":"product-type-simple"},"jetpack_sharing_enabled":true,"_links":{"self":[{"href":"https:\/\/biocosdz.com\/index.php?rest_route=\/wp\/v2\/product\/8454","targetHints":{"allow":["GET"]}}],"collection":[{"href":"https:\/\/biocosdz.com\/index.php?rest_route=\/wp\/v2\/product"}],"about":[{"href":"https:\/\/biocosdz.com\/index.php?rest_route=\/wp\/v2\/types\/product"}],"replies":[{"embeddable":true,"href":"https:\/\/biocosdz.com\/index.php?rest_route=%2Fwp%2Fv2%2Fcomments&post=8454"}],"version-history":[{"count":6,"href":"https:\/\/biocosdz.com\/index.php?rest_route=\/wp\/v2\/product\/8454\/revisions"}],"predecessor-version":[{"id":9320,"href":"https:\/\/biocosdz.com\/index.php?rest_route=\/wp\/v2\/product\/8454\/revisions\/9320"}],"wp:featuredmedia":[{"embeddable":true,"href":"https:\/\/biocosdz.com\/index.php?rest_route=\/wp\/v2\/media\/8391"}],"wp:attachment":[{"href":"https:\/\/biocosdz.com\/index.php?rest_route=%2Fwp%2Fv2%2Fmedia&parent=8454"}],"wp:term":[{"taxonomy":"product_cat","embeddable":true,"href":"https:\/\/biocosdz.com\/index.php?rest_route=%2Fwp%2Fv2%2Fproduct_cat&post=8454"},{"taxonomy":"product_tag","embeddable":true,"href":"https:\/\/biocosdz.com\/index.php?rest_route=%2Fwp%2Fv2%2Fproduct_tag&post=8454"}],"curies":[{"name":"wp","href":"https:\/\/api.w.org\/{rel}","templated":true}]}}