{"id":8452,"date":"2024-10-21T19:40:42","date_gmt":"2024-10-21T19:40:42","guid":{"rendered":"https:\/\/biocosdz.com\/?post_type=product&#038;p=8452"},"modified":"2025-06-21T11:09:16","modified_gmt":"2025-06-21T11:09:16","slug":"colon-relax-2","status":"publish","type":"product","link":"https:\/\/biocosdz.com\/?product=colon-relax-2","title":{"rendered":"Colon Relax +"},"content":{"rendered":"","protected":false},"excerpt":{"rendered":"<div class=\"product__ref\">SKU-018<\/div>\n<div class=\"product__description\">\n<p>Colon Relax enti\u00e8rement naturel .Contient de la Camomille,de la Sauge et de la M\u00e9lisse qui contribuent \u00e0 diminuer les ballonnements et les \ufb02atulences ainsi qu&rsquo;\u00e0 un meilleur confort digestif.<\/p>\n<p>\u2022 Contribuent \u00e0 diminuer les ballonnements et les flatulences ainsi qu&rsquo;\u00e0 un meilleur confort digestif.<br \/>\n\u2022 Favorise le bon fonctionnement du colon.<br \/>\n\u2022 Lutte contre les ballonnements, gaz , sensations de lourdeurs.<br \/>\n\u2022 Faciliter la digestion et apaiser la sph\u00e8re digestive.<br \/>\n\u2022 L&rsquo;anis vert est utilis\u00e9 comme stimulant digestif.<\/p>\n<\/div>\n","protected":false},"featured_media":8399,"comment_status":"open","ping_status":"closed","template":"","meta":[],"product_cat":[46],"product_tag":[],"class_list":{"0":"post-8452","1":"product","2":"type-product","3":"status-publish","4":"has-post-thumbnail","6":"product_cat-complement-alimentaire","7":"description-off","9":"first","10":"instock","11":"shipping-taxable","12":"purchasable","13":"product-type-simple"},"jetpack_sharing_enabled":true,"_links":{"self":[{"href":"https:\/\/biocosdz.com\/index.php?rest_route=\/wp\/v2\/product\/8452","targetHints":{"allow":["GET"]}}],"collection":[{"href":"https:\/\/biocosdz.com\/index.php?rest_route=\/wp\/v2\/product"}],"about":[{"href":"https:\/\/biocosdz.com\/index.php?rest_route=\/wp\/v2\/types\/product"}],"replies":[{"embeddable":true,"href":"https:\/\/biocosdz.com\/index.php?rest_route=%2Fwp%2Fv2%2Fcomments&post=8452"}],"version-history":[{"count":4,"href":"https:\/\/biocosdz.com\/index.php?rest_route=\/wp\/v2\/product\/8452\/revisions"}],"predecessor-version":[{"id":9317,"href":"https:\/\/biocosdz.com\/index.php?rest_route=\/wp\/v2\/product\/8452\/revisions\/9317"}],"wp:featuredmedia":[{"embeddable":true,"href":"https:\/\/biocosdz.com\/index.php?rest_route=\/wp\/v2\/media\/8399"}],"wp:attachment":[{"href":"https:\/\/biocosdz.com\/index.php?rest_route=%2Fwp%2Fv2%2Fmedia&parent=8452"}],"wp:term":[{"taxonomy":"product_cat","embeddable":true,"href":"https:\/\/biocosdz.com\/index.php?rest_route=%2Fwp%2Fv2%2Fproduct_cat&post=8452"},{"taxonomy":"product_tag","embeddable":true,"href":"https:\/\/biocosdz.com\/index.php?rest_route=%2Fwp%2Fv2%2Fproduct_tag&post=8452"}],"curies":[{"name":"wp","href":"https:\/\/api.w.org\/{rel}","templated":true}]}}