{"id":8450,"date":"2024-10-21T19:39:11","date_gmt":"2024-10-21T19:39:11","guid":{"rendered":"https:\/\/biocosdz.com\/?post_type=product&#038;p=8450"},"modified":"2025-06-21T11:08:02","modified_gmt":"2025-06-21T11:08:02","slug":"total-confort","status":"publish","type":"product","link":"https:\/\/biocosdz.com\/?product=total-confort","title":{"rendered":"Total Confort"},"content":{"rendered":"","protected":false},"excerpt":{"rendered":"<div class=\"product__ref\">SKU-016<\/div>\n<div class=\"product__description\">Le charbon v\u00e9g\u00e9tal est le plus actif des d\u00e9sintoxicants naturels connus. Celui qui provient de la combustion des coques de noix de coco est le plus performant.<br \/>\nSon efficacit\u00e9 pour contrer plusieurs probl\u00e8mes de sant\u00e9 comme des troubles digestifs et intestinaux est reconnue.\u25cf Purifie et d\u00e9toxifie l&rsquo;organisme.<br \/>\n\u25cf Calme la diarrh\u00e9e, la gastro-ent\u00e9rite et la constipation.<br \/>\n\u25cf Soulage les troubles digestifs : br\u00fblures d&rsquo;estomac, flatulences, ballonnements, \u00e9ructations, c\u00f4lon irritable.<br \/>\n\u25cf Abaisse le cholest\u00e9rol et les triglyc\u00e9rides sanguins.<br \/>\n\u25cf Supprime la mauvaise haleine.<\/p>\n<\/div>\n","protected":false},"featured_media":8387,"comment_status":"open","ping_status":"closed","template":"","meta":[],"product_cat":[46],"product_tag":[],"class_list":{"0":"post-8450","1":"product","2":"type-product","3":"status-publish","4":"has-post-thumbnail","6":"product_cat-complement-alimentaire","7":"description-off","9":"first","10":"instock","11":"shipping-taxable","12":"purchasable","13":"product-type-simple"},"jetpack_sharing_enabled":true,"_links":{"self":[{"href":"https:\/\/biocosdz.com\/index.php?rest_route=\/wp\/v2\/product\/8450","targetHints":{"allow":["GET"]}}],"collection":[{"href":"https:\/\/biocosdz.com\/index.php?rest_route=\/wp\/v2\/product"}],"about":[{"href":"https:\/\/biocosdz.com\/index.php?rest_route=\/wp\/v2\/types\/product"}],"replies":[{"embeddable":true,"href":"https:\/\/biocosdz.com\/index.php?rest_route=%2Fwp%2Fv2%2Fcomments&post=8450"}],"version-history":[{"count":4,"href":"https:\/\/biocosdz.com\/index.php?rest_route=\/wp\/v2\/product\/8450\/revisions"}],"predecessor-version":[{"id":9316,"href":"https:\/\/biocosdz.com\/index.php?rest_route=\/wp\/v2\/product\/8450\/revisions\/9316"}],"wp:featuredmedia":[{"embeddable":true,"href":"https:\/\/biocosdz.com\/index.php?rest_route=\/wp\/v2\/media\/8387"}],"wp:attachment":[{"href":"https:\/\/biocosdz.com\/index.php?rest_route=%2Fwp%2Fv2%2Fmedia&parent=8450"}],"wp:term":[{"taxonomy":"product_cat","embeddable":true,"href":"https:\/\/biocosdz.com\/index.php?rest_route=%2Fwp%2Fv2%2Fproduct_cat&post=8450"},{"taxonomy":"product_tag","embeddable":true,"href":"https:\/\/biocosdz.com\/index.php?rest_route=%2Fwp%2Fv2%2Fproduct_tag&post=8450"}],"curies":[{"name":"wp","href":"https:\/\/api.w.org\/{rel}","templated":true}]}}