{"id":8448,"date":"2024-10-21T19:37:42","date_gmt":"2024-10-21T19:37:42","guid":{"rendered":"https:\/\/biocosdz.com\/?post_type=product&#038;p=8448"},"modified":"2026-01-29T11:59:19","modified_gmt":"2026-01-29T11:59:19","slug":"weight-control-night","status":"publish","type":"product","link":"https:\/\/biocosdz.com\/?product=weight-control-night","title":{"rendered":"Weight Control Night"},"content":{"rendered":"","protected":false},"excerpt":{"rendered":"<div class=\"product__ref\">SKU032<\/div>\n<div class=\"product__description\">\n<p>Le Weight Control Night est compos\u00e9 principalement d\u2019hibiscus et d\u2019autre ingr\u00e9dient naturel qui aide le corps \u00e0 ce stabiliser et garder un poids id\u00e9ale et aussi diminuer le stresse pour avoir une nuit paisible et reposante.<\/p>\n<p>Conseils d\u2019utilisation :<br \/>\nMettre une dose de 3g (cuill\u00e8re \u00e0 caf\u00e9) dans une tasse d&rsquo;eau chaude, le soir avant le d\u00eener et juste avant le coucher, de pr\u00e9f\u00e9rence non sucr\u00e9es.<\/p>\n<\/div>\n","protected":false},"featured_media":9440,"comment_status":"open","ping_status":"closed","template":"","meta":[],"product_cat":[46],"product_tag":[],"class_list":{"0":"post-8448","1":"product","2":"type-product","3":"status-publish","4":"has-post-thumbnail","6":"product_cat-complement-alimentaire","7":"description-off","9":"first","10":"instock","11":"shipping-taxable","12":"purchasable","13":"product-type-simple"},"jetpack_sharing_enabled":true,"_links":{"self":[{"href":"https:\/\/biocosdz.com\/index.php?rest_route=\/wp\/v2\/product\/8448","targetHints":{"allow":["GET"]}}],"collection":[{"href":"https:\/\/biocosdz.com\/index.php?rest_route=\/wp\/v2\/product"}],"about":[{"href":"https:\/\/biocosdz.com\/index.php?rest_route=\/wp\/v2\/types\/product"}],"replies":[{"embeddable":true,"href":"https:\/\/biocosdz.com\/index.php?rest_route=%2Fwp%2Fv2%2Fcomments&post=8448"}],"version-history":[{"count":4,"href":"https:\/\/biocosdz.com\/index.php?rest_route=\/wp\/v2\/product\/8448\/revisions"}],"predecessor-version":[{"id":9315,"href":"https:\/\/biocosdz.com\/index.php?rest_route=\/wp\/v2\/product\/8448\/revisions\/9315"}],"wp:featuredmedia":[{"embeddable":true,"href":"https:\/\/biocosdz.com\/index.php?rest_route=\/wp\/v2\/media\/9440"}],"wp:attachment":[{"href":"https:\/\/biocosdz.com\/index.php?rest_route=%2Fwp%2Fv2%2Fmedia&parent=8448"}],"wp:term":[{"taxonomy":"product_cat","embeddable":true,"href":"https:\/\/biocosdz.com\/index.php?rest_route=%2Fwp%2Fv2%2Fproduct_cat&post=8448"},{"taxonomy":"product_tag","embeddable":true,"href":"https:\/\/biocosdz.com\/index.php?rest_route=%2Fwp%2Fv2%2Fproduct_tag&post=8448"}],"curies":[{"name":"wp","href":"https:\/\/api.w.org\/{rel}","templated":true}]}}