{"id":8446,"date":"2024-10-21T19:36:44","date_gmt":"2024-10-21T19:36:44","guid":{"rendered":"https:\/\/biocosdz.com\/?post_type=product&#038;p=8446"},"modified":"2026-01-29T11:58:01","modified_gmt":"2026-01-29T11:58:01","slug":"weight-control-day","status":"publish","type":"product","link":"https:\/\/biocosdz.com\/?product=weight-control-day","title":{"rendered":"Weight Control Day"},"content":{"rendered":"","protected":false},"excerpt":{"rendered":"<div class=\"product__ref\">SKU031<\/div>\n<div class=\"product__description\">Weight control day est une tisane tr\u00e8s efficace pour stabiliser le poids et garder votre ligne<br \/>\ngrace \u00e0 son m\u00e9lange soigneusement \u00e9labor\u00e9 \u00e0 base de th\u00e9 vert pour aider le m\u00e9tabolisme a bruler les graisse et surtout \u00e0 stabiliser le poids du corps.Conseils d\u2019utilisation :<br \/>\nMettre une dose de 3g (cuill\u00e8re \u00e0 caf\u00e9) dans une tasse d&rsquo;eau chaude<br \/>\nAvant et apr\u00e8s le d\u00e9jeuner, de pr\u00e9f\u00e9rence non sucr\u00e9es.<\/div>\n","protected":false},"featured_media":9438,"comment_status":"open","ping_status":"closed","template":"","meta":[],"product_cat":[46],"product_tag":[],"class_list":{"0":"post-8446","1":"product","2":"type-product","3":"status-publish","4":"has-post-thumbnail","6":"product_cat-complement-alimentaire","7":"description-off","9":"first","10":"instock","11":"shipping-taxable","12":"purchasable","13":"product-type-simple"},"jetpack_sharing_enabled":true,"_links":{"self":[{"href":"https:\/\/biocosdz.com\/index.php?rest_route=\/wp\/v2\/product\/8446","targetHints":{"allow":["GET"]}}],"collection":[{"href":"https:\/\/biocosdz.com\/index.php?rest_route=\/wp\/v2\/product"}],"about":[{"href":"https:\/\/biocosdz.com\/index.php?rest_route=\/wp\/v2\/types\/product"}],"replies":[{"embeddable":true,"href":"https:\/\/biocosdz.com\/index.php?rest_route=%2Fwp%2Fv2%2Fcomments&post=8446"}],"version-history":[{"count":5,"href":"https:\/\/biocosdz.com\/index.php?rest_route=\/wp\/v2\/product\/8446\/revisions"}],"predecessor-version":[{"id":9439,"href":"https:\/\/biocosdz.com\/index.php?rest_route=\/wp\/v2\/product\/8446\/revisions\/9439"}],"wp:featuredmedia":[{"embeddable":true,"href":"https:\/\/biocosdz.com\/index.php?rest_route=\/wp\/v2\/media\/9438"}],"wp:attachment":[{"href":"https:\/\/biocosdz.com\/index.php?rest_route=%2Fwp%2Fv2%2Fmedia&parent=8446"}],"wp:term":[{"taxonomy":"product_cat","embeddable":true,"href":"https:\/\/biocosdz.com\/index.php?rest_route=%2Fwp%2Fv2%2Fproduct_cat&post=8446"},{"taxonomy":"product_tag","embeddable":true,"href":"https:\/\/biocosdz.com\/index.php?rest_route=%2Fwp%2Fv2%2Fproduct_tag&post=8446"}],"curies":[{"name":"wp","href":"https:\/\/api.w.org\/{rel}","templated":true}]}}