{"id":8441,"date":"2024-10-18T11:13:55","date_gmt":"2024-10-18T11:13:55","guid":{"rendered":"https:\/\/biocosdz.com\/?post_type=product&#038;p=8441"},"modified":"2025-06-21T10:07:29","modified_gmt":"2025-06-21T10:07:29","slug":"collagene-ultimate","status":"publish","type":"product","link":"https:\/\/biocosdz.com\/?product=collagene-ultimate","title":{"rendered":"Collagene Ultimate"},"content":{"rendered":"","protected":false},"excerpt":{"rendered":"<div class=\"product__ref\">SKU-029<\/div>\n<div class=\"product__description\">\n<p>Les capsules de collag\u00e8ne + vitamine C sont un compl\u00e9ment alimentaire qui vise \u00e0 compenser le ralentissement naturel de la production de collag\u00e8ne dans l&rsquo;organisme. Le collag\u00e8ne est la prot\u00e9ine la plus abondante dans l&rsquo;organisme. Il forme la structure de la peau, des cheveux et des ongles. Il corrige le rel\u00e2chement de la peau et hydrate et r\u00e9pare \u00e0 la racine du cuir chevelu.<\/p>\n<p>Conseils d\u2019utilisation : 2 g\u00e9lules par jour en deux prises \u00e0 prendre avec un grand verre d\u2019eau.<\/p>\n<\/div>\n","protected":false},"featured_media":8442,"comment_status":"open","ping_status":"closed","template":"","meta":[],"product_cat":[46],"product_tag":[],"class_list":{"0":"post-8441","1":"product","2":"type-product","3":"status-publish","4":"has-post-thumbnail","6":"product_cat-complement-alimentaire","7":"description-off","9":"first","10":"instock","11":"shipping-taxable","12":"purchasable","13":"product-type-simple"},"jetpack_sharing_enabled":true,"_links":{"self":[{"href":"https:\/\/biocosdz.com\/index.php?rest_route=\/wp\/v2\/product\/8441","targetHints":{"allow":["GET"]}}],"collection":[{"href":"https:\/\/biocosdz.com\/index.php?rest_route=\/wp\/v2\/product"}],"about":[{"href":"https:\/\/biocosdz.com\/index.php?rest_route=\/wp\/v2\/types\/product"}],"replies":[{"embeddable":true,"href":"https:\/\/biocosdz.com\/index.php?rest_route=%2Fwp%2Fv2%2Fcomments&post=8441"}],"version-history":[{"count":4,"href":"https:\/\/biocosdz.com\/index.php?rest_route=\/wp\/v2\/product\/8441\/revisions"}],"predecessor-version":[{"id":9308,"href":"https:\/\/biocosdz.com\/index.php?rest_route=\/wp\/v2\/product\/8441\/revisions\/9308"}],"wp:featuredmedia":[{"embeddable":true,"href":"https:\/\/biocosdz.com\/index.php?rest_route=\/wp\/v2\/media\/8442"}],"wp:attachment":[{"href":"https:\/\/biocosdz.com\/index.php?rest_route=%2Fwp%2Fv2%2Fmedia&parent=8441"}],"wp:term":[{"taxonomy":"product_cat","embeddable":true,"href":"https:\/\/biocosdz.com\/index.php?rest_route=%2Fwp%2Fv2%2Fproduct_cat&post=8441"},{"taxonomy":"product_tag","embeddable":true,"href":"https:\/\/biocosdz.com\/index.php?rest_route=%2Fwp%2Fv2%2Fproduct_tag&post=8441"}],"curies":[{"name":"wp","href":"https:\/\/api.w.org\/{rel}","templated":true}]}}