{"id":8434,"date":"2024-10-11T19:01:26","date_gmt":"2024-10-11T19:01:26","guid":{"rendered":"https:\/\/biocosdz.com\/?post_type=product&#038;p=8434"},"modified":"2025-06-21T10:00:01","modified_gmt":"2025-06-21T10:00:01","slug":"matcha-moringa","status":"publish","type":"product","link":"https:\/\/biocosdz.com\/?product=matcha-moringa","title":{"rendered":"Matcha &#038; Moringa"},"content":{"rendered":"","protected":false},"excerpt":{"rendered":"<div class=\"product__ref\">SKU023<\/div>\n<div class=\"product__description\">\n<p>Les capsules d&rsquo;extrait de th\u00e9 Matcha &amp; Moringa Ultimate aident \u00e0 contr\u00f4ler le poids et am\u00e9liorent le m\u00e9tabolisme, ces capsules ont un m\u00e9canisme de lib\u00e9ration rapide, ce qui les rend facilement et rapidement absorb\u00e9es par le corps, pour retrouver un ventre plat.<\/p>\n<p>Conseils d\u2019utilisation : 2 g\u00e9lules par jour en deux prises \u00e0 prendre avec un grand verre d&rsquo;eau<br \/>\n15 minutes avant les raps.<\/p>\n<\/div>\n","protected":false},"featured_media":8435,"comment_status":"open","ping_status":"closed","template":"","meta":[],"product_cat":[46],"product_tag":[],"class_list":{"0":"post-8434","1":"product","2":"type-product","3":"status-publish","4":"has-post-thumbnail","6":"product_cat-complement-alimentaire","7":"description-off","9":"first","10":"instock","11":"shipping-taxable","12":"purchasable","13":"product-type-simple"},"jetpack_sharing_enabled":true,"_links":{"self":[{"href":"https:\/\/biocosdz.com\/index.php?rest_route=\/wp\/v2\/product\/8434","targetHints":{"allow":["GET"]}}],"collection":[{"href":"https:\/\/biocosdz.com\/index.php?rest_route=\/wp\/v2\/product"}],"about":[{"href":"https:\/\/biocosdz.com\/index.php?rest_route=\/wp\/v2\/types\/product"}],"replies":[{"embeddable":true,"href":"https:\/\/biocosdz.com\/index.php?rest_route=%2Fwp%2Fv2%2Fcomments&post=8434"}],"version-history":[{"count":4,"href":"https:\/\/biocosdz.com\/index.php?rest_route=\/wp\/v2\/product\/8434\/revisions"}],"predecessor-version":[{"id":9306,"href":"https:\/\/biocosdz.com\/index.php?rest_route=\/wp\/v2\/product\/8434\/revisions\/9306"}],"wp:featuredmedia":[{"embeddable":true,"href":"https:\/\/biocosdz.com\/index.php?rest_route=\/wp\/v2\/media\/8435"}],"wp:attachment":[{"href":"https:\/\/biocosdz.com\/index.php?rest_route=%2Fwp%2Fv2%2Fmedia&parent=8434"}],"wp:term":[{"taxonomy":"product_cat","embeddable":true,"href":"https:\/\/biocosdz.com\/index.php?rest_route=%2Fwp%2Fv2%2Fproduct_cat&post=8434"},{"taxonomy":"product_tag","embeddable":true,"href":"https:\/\/biocosdz.com\/index.php?rest_route=%2Fwp%2Fv2%2Fproduct_tag&post=8434"}],"curies":[{"name":"wp","href":"https:\/\/api.w.org\/{rel}","templated":true}]}}