{"id":8431,"date":"2024-10-11T18:57:26","date_gmt":"2024-10-11T18:57:26","guid":{"rendered":"https:\/\/biocosdz.com\/?post_type=product&#038;p=8431"},"modified":"2025-06-21T09:58:40","modified_gmt":"2025-06-21T09:58:40","slug":"bee-pollen","status":"publish","type":"product","link":"https:\/\/biocosdz.com\/?product=bee-pollen","title":{"rendered":"Bee Pollen"},"content":{"rendered":"","protected":false},"excerpt":{"rendered":"<div class=\"product__ref\">SKU015<\/div>\n<div class=\"product__description\">\n<p>En tant que produit de la ruche, le pollen d\u2019abeille bio pr\u00e9sente de nombreux bienfaits sur la sant\u00e9. Compos\u00e9 de 25 \u00e0 30 % de protides (prot\u00e9ines libres et acides amin\u00e9s), il contient aussi entre 30 et 55 % de glucides et 1 \u00e0 20 % de lipides. C\u2019est un aliment tr\u00e8s riche en nutriments dont font partie les vitamines du groupe B. Bien s\u00fbr, sa composition comprend \u00e9galement des sels min\u00e9raux et oligo-\u00e9l\u00e9ments essentiels tels que le potassium, le magn\u00e9sium et le fer, et d&rsquo;autres \u00e9l\u00e9ments.<\/p>\n<p>VERTUS:<br \/>\n\u25cf Haute valeur nutritionnelle<br \/>\n\u25cf Favorisant le bien-\u00eatre physique et psychique<br \/>\n\u25cf Contribue \u00e0 augmenter le confort et la qualit\u00e9 de vie<br \/>\n\u25cf Pr\u00e9vient le vieillissement cellulaire (chute des cheveux)<br \/>\n\u25cf Renforce l\u2019immunit\u00e9, notamment lors des changements de saisons<br \/>\n\u25cf Pr\u00e9vient et soulage les allergies saisonni\u00e8res<br \/>\n\u25cf R\u00e9duit l\u2019inflammation en cas de prostatite<\/p>\n<\/div>\n","protected":false},"featured_media":8384,"comment_status":"open","ping_status":"closed","template":"","meta":[],"product_cat":[46],"product_tag":[],"class_list":{"0":"post-8431","1":"product","2":"type-product","3":"status-publish","4":"has-post-thumbnail","6":"product_cat-complement-alimentaire","7":"description-off","9":"first","10":"instock","11":"shipping-taxable","12":"purchasable","13":"product-type-simple"},"jetpack_sharing_enabled":true,"_links":{"self":[{"href":"https:\/\/biocosdz.com\/index.php?rest_route=\/wp\/v2\/product\/8431","targetHints":{"allow":["GET"]}}],"collection":[{"href":"https:\/\/biocosdz.com\/index.php?rest_route=\/wp\/v2\/product"}],"about":[{"href":"https:\/\/biocosdz.com\/index.php?rest_route=\/wp\/v2\/types\/product"}],"replies":[{"embeddable":true,"href":"https:\/\/biocosdz.com\/index.php?rest_route=%2Fwp%2Fv2%2Fcomments&post=8431"}],"version-history":[{"count":5,"href":"https:\/\/biocosdz.com\/index.php?rest_route=\/wp\/v2\/product\/8431\/revisions"}],"predecessor-version":[{"id":9305,"href":"https:\/\/biocosdz.com\/index.php?rest_route=\/wp\/v2\/product\/8431\/revisions\/9305"}],"wp:featuredmedia":[{"embeddable":true,"href":"https:\/\/biocosdz.com\/index.php?rest_route=\/wp\/v2\/media\/8384"}],"wp:attachment":[{"href":"https:\/\/biocosdz.com\/index.php?rest_route=%2Fwp%2Fv2%2Fmedia&parent=8431"}],"wp:term":[{"taxonomy":"product_cat","embeddable":true,"href":"https:\/\/biocosdz.com\/index.php?rest_route=%2Fwp%2Fv2%2Fproduct_cat&post=8431"},{"taxonomy":"product_tag","embeddable":true,"href":"https:\/\/biocosdz.com\/index.php?rest_route=%2Fwp%2Fv2%2Fproduct_tag&post=8431"}],"curies":[{"name":"wp","href":"https:\/\/api.w.org\/{rel}","templated":true}]}}