{"id":8427,"date":"2024-10-08T17:38:01","date_gmt":"2024-10-08T17:38:01","guid":{"rendered":"https:\/\/biocosdz.com\/?post_type=product&#038;p=8427"},"modified":"2025-06-21T09:57:44","modified_gmt":"2025-06-21T09:57:44","slug":"spirulina-moringa","status":"publish","type":"product","link":"https:\/\/biocosdz.com\/?product=spirulina-moringa","title":{"rendered":"Spirulina &#038; Moringa"},"content":{"rendered":"","protected":false},"excerpt":{"rendered":"<div class=\"product__title\">Spirulina &amp; Moringa<\/div>\n<div class=\"product__ref\">SKU001<\/div>\n<div class=\"product__description\">\n<p>Le plus puissant des aliments, riche en prot\u00e9ines et en fer, pour retrouver forme et vitalit\u00e9<\/p>\n<p>\u2022 Booste le syst\u00e8me immunitaire<br \/>\n\u2022 Am\u00e9liore l\u2019endurance et la r\u00e9sistance<br \/>\n\u2022 Aide \u00e0 garder ou \u00e0 retrouver la forme<br \/>\n\u2022 Aide au contr\u00f4le du poids et \u00e0 un niveau normal de sucre dans le sang<br \/>\n\u2022 Renforce les d\u00e9fenses naturelles et la vitalit\u00e9<br \/>\n\u2022 Favorise la r\u00e9sistance de l\u2019organisme<br \/>\n\u2022 Source naturelle d\u2019antioxydants pour lutter contre le stress oxydatif<\/p>\n<p>L\u2019association du moringa et de la spiruline permet de conjuguer les bienfaits de ces deux superaliments. La spiruline enrichit le moringa en prot\u00e9ines (33% de plus que le moringa seul), en fer (25% de plus) et en provitamine A (3 fois plus). Elle apporte \u00e9galement des nutriments essentiels rares : vitamine B12 (absente des v\u00e9g\u00e9taux), enzyme SOD et phycocyanine<\/p>\n<p>CONSEILS D\u2019UTILISATION:<br \/>\n2 \u00e0 4 g\u00e9lules par jour en deux prises de pr\u00e9f\u00e9rence matin et midi \u00e0 prendre avec un grand verre d\u2019eau.<\/p>\n<\/div>\n","protected":false},"featured_media":8428,"comment_status":"open","ping_status":"closed","template":"","meta":[],"product_cat":[46],"product_tag":[],"class_list":{"0":"post-8427","1":"product","2":"type-product","3":"status-publish","4":"has-post-thumbnail","6":"product_cat-complement-alimentaire","7":"description-off","9":"first","10":"instock","11":"shipping-taxable","12":"purchasable","13":"product-type-simple"},"jetpack_sharing_enabled":true,"_links":{"self":[{"href":"https:\/\/biocosdz.com\/index.php?rest_route=\/wp\/v2\/product\/8427","targetHints":{"allow":["GET"]}}],"collection":[{"href":"https:\/\/biocosdz.com\/index.php?rest_route=\/wp\/v2\/product"}],"about":[{"href":"https:\/\/biocosdz.com\/index.php?rest_route=\/wp\/v2\/types\/product"}],"replies":[{"embeddable":true,"href":"https:\/\/biocosdz.com\/index.php?rest_route=%2Fwp%2Fv2%2Fcomments&post=8427"}],"version-history":[{"count":4,"href":"https:\/\/biocosdz.com\/index.php?rest_route=\/wp\/v2\/product\/8427\/revisions"}],"predecessor-version":[{"id":8872,"href":"https:\/\/biocosdz.com\/index.php?rest_route=\/wp\/v2\/product\/8427\/revisions\/8872"}],"wp:featuredmedia":[{"embeddable":true,"href":"https:\/\/biocosdz.com\/index.php?rest_route=\/wp\/v2\/media\/8428"}],"wp:attachment":[{"href":"https:\/\/biocosdz.com\/index.php?rest_route=%2Fwp%2Fv2%2Fmedia&parent=8427"}],"wp:term":[{"taxonomy":"product_cat","embeddable":true,"href":"https:\/\/biocosdz.com\/index.php?rest_route=%2Fwp%2Fv2%2Fproduct_cat&post=8427"},{"taxonomy":"product_tag","embeddable":true,"href":"https:\/\/biocosdz.com\/index.php?rest_route=%2Fwp%2Fv2%2Fproduct_tag&post=8427"}],"curies":[{"name":"wp","href":"https:\/\/api.w.org\/{rel}","templated":true}]}}