{"id":8420,"date":"2024-10-08T14:53:33","date_gmt":"2024-10-08T14:53:33","guid":{"rendered":"https:\/\/biocosdz.com\/?post_type=product&#038;p=8420"},"modified":"2025-06-21T10:05:42","modified_gmt":"2025-06-21T10:05:42","slug":"green-coffee-powder-200g","status":"publish","type":"product","link":"https:\/\/biocosdz.com\/?product=green-coffee-powder-200g","title":{"rendered":"Green Coffee Powder 200g"},"content":{"rendered":"","protected":false},"excerpt":{"rendered":"<div class=\"product__title\">Green Coffee Powder 200g<\/div>\n<div class=\"product__ref\">SKU-006<\/div>\n<div class=\"product__description\">GREEN COFFE POWDER \u2022 Un puissant bruleur de graisse naturelle . \u2022 Super antioxydant et d\u00e9toxi\ufb01ant (D\u00e9puratif) &#8211; Le caf\u00e9 vert diminue la sensation de fatigue et stimule l\u2019activit\u00e9 intellectuelle. Il aide \u00e0 la concentration du consommateur \u2022 L\u2019acide chlorog\u00e9nique permet de r\u00e9duire la graisse contenue dans le corps, en diminuant l\u2019absorption de sucre dans le syst\u00e8me digestif.De ce fait, le m\u00e9tabolisme de graisses est acc\u00e9l\u00e9r\u00e9. \u2022 Equilibre le taux de sucre dans le sang gr\u00e2ce \u00e0 l&rsquo;acide chlorog\u00e9nique qui favorise la r\u00e9ponse \u00e0 l&rsquo;insuline. \u2022 La Vitamine C aide \u00e0 r\u00e9duire la fatigue<\/div>\n","protected":false},"featured_media":9307,"comment_status":"open","ping_status":"closed","template":"","meta":[],"product_cat":[46],"product_tag":[],"class_list":{"0":"post-8420","1":"product","2":"type-product","3":"status-publish","4":"has-post-thumbnail","6":"product_cat-complement-alimentaire","7":"description-off","9":"first","10":"instock","11":"shipping-taxable","12":"purchasable","13":"product-type-simple"},"jetpack_sharing_enabled":true,"_links":{"self":[{"href":"https:\/\/biocosdz.com\/index.php?rest_route=\/wp\/v2\/product\/8420","targetHints":{"allow":["GET"]}}],"collection":[{"href":"https:\/\/biocosdz.com\/index.php?rest_route=\/wp\/v2\/product"}],"about":[{"href":"https:\/\/biocosdz.com\/index.php?rest_route=\/wp\/v2\/types\/product"}],"replies":[{"embeddable":true,"href":"https:\/\/biocosdz.com\/index.php?rest_route=%2Fwp%2Fv2%2Fcomments&post=8420"}],"version-history":[{"count":3,"href":"https:\/\/biocosdz.com\/index.php?rest_route=\/wp\/v2\/product\/8420\/revisions"}],"predecessor-version":[{"id":8870,"href":"https:\/\/biocosdz.com\/index.php?rest_route=\/wp\/v2\/product\/8420\/revisions\/8870"}],"wp:featuredmedia":[{"embeddable":true,"href":"https:\/\/biocosdz.com\/index.php?rest_route=\/wp\/v2\/media\/9307"}],"wp:attachment":[{"href":"https:\/\/biocosdz.com\/index.php?rest_route=%2Fwp%2Fv2%2Fmedia&parent=8420"}],"wp:term":[{"taxonomy":"product_cat","embeddable":true,"href":"https:\/\/biocosdz.com\/index.php?rest_route=%2Fwp%2Fv2%2Fproduct_cat&post=8420"},{"taxonomy":"product_tag","embeddable":true,"href":"https:\/\/biocosdz.com\/index.php?rest_route=%2Fwp%2Fv2%2Fproduct_tag&post=8420"}],"curies":[{"name":"wp","href":"https:\/\/api.w.org\/{rel}","templated":true}]}}